{"id":99714,"date":"2021-02-21T22:30:08","date_gmt":"2021-02-21T22:30:08","guid":{"rendered":"https:\/\/www.autonvaraosahaku.fi\/?product=nk-224775-jarrupalat"},"modified":"2021-02-21T22:30:10","modified_gmt":"2021-02-21T22:30:10","slug":"nk-224775-jarrupalat","status":"publish","type":"product","link":"https:\/\/www.autonvaraosahaku.fi\/?product=nk-224775-jarrupalat","title":{"rendered":"NK 224775 Jarrupalat"},"content":{"rendered":"<p>Kulumisenilmaisimen liitos: Kulumisenilmaisemelle; Korvaava tuote\/korvaava tiedote 2: Huudonvaimennuspellill\u00e4; Lis\u00e4tarvike\/lis\u00e4tieto: Ilman tarvikkeita; WVA-numero: WVA 23914\/17; Paksuus 1 [mm]: 17,2; Korkeus 1 (mm): 55,9; Leveys 1 (mm): 105,7; M\u00e4\u00e4r\u00e4yksikk\u00f6: Akselisarja; Asennuspuoli: Hinterachse; VW: GOLF V 1K1,TOURAN 1T1, 1T2,GOLF VI 5K1,PASSAT Variant 3C5,PASSAT 3C2,TIGUAN 5N_,PASSAT Variant 365,CADDY III Kombi 2KB, 2KJ, 2CB, 2CJ,GOLF VI Variant AJ5,GOLF V Variant 1K5,CADDY III Kasten 2KA, 2KH, 2CA, 2CH,EOS 1F7, 1F8,SCIROCCO 137, 138,PASSAT CC 357,SHARAN 7N1, 7N2,JETTA III 1K2,PASSAT 362,CC 358,GOLF VI Cabriolet 517,PASSAT ALLTRACK 365,PASSAT A32; AUDI: A6 Avant 4F5, C6,A3 8P1,A3 Sportback 8PA,A4 Avant 8ED, B7,A6 4F2, C6,A4 Cabriolet 8H7, B6, 8HE, B7,A4 8EC, B7,TT 8J3,Q3 8U,TT Roadster 8J9,A3 Cabriolet 8P7; SKODA: OCTAVIA Combi 1Z5,OCTAVIA Combi 5E5,SUPERB Kombi 3T5,OCTAVIA 1Z3,SUPERB 3T4,OCTAVIA 5E3; SEAT: LEON 1P1,ALTEA 5P1,LEON 5F1,ALTEA XL 5P5, 5P8,LEON ST 5F8,EXEO ST 3R5,ALHAMBRA 710, 711,EXEO 3R2,LEON SC 5F5,TOLEDO III 5P2; 1K0698451, 1K0698451B, 1K0698451D, 1K0698451E, 1K0698451F, 1K0698451G, 1K0698451H, 1K0698451K, 1K0698451L, 3AA698451, 3AA698451A, 3C0698451, 3C0698451A, 3C0698451D, 3C0698451F, 4F0698451A, 4F0698451B, 4F0698451D, 4F0698451E, 5N0698451, 8E0698451F, 8E0698451J, 8E0698451M, JZW698451M, 1K0698451D, 1K0698451G, 1K0698451K, 3AA698451, 3AA698451A, 3C0698451E, 3C0698451F, 8E0698451J, JZW698451D, JZW698451G, JZW698451M, 1K0698451D, 1K0698451G, 1K0698451K, 3AA698451A, 8E0698451F, JZW698451D, JZW698451M, 1K0698451D, 1K0698451E, 1K0698451F, 1K0698451G, 1K0698451H, 1K0698451K, 3AA698451, 3AA698451A, 3C0698451, 3C0698451A, 3C0698451B, 3C0698451C, 3C0698451D, 3C0698451E, 3C0698451F, 5N0698451, JZW698451D, JZW698451G, JZW698451M; Jarrupalasarja,Jarrupala, Levyjarru<\/p>\n","protected":false},"excerpt":{"rendered":"<p>NK Jarrupalat 224775 Jarrupalasarja,Jarrupala, Levyjarru VW,AUDI,SKODA,GOLF V 1K1,TOURAN 1T1, 1T2,GOLF VI 5K1,PASSAT Variant 3C5,PASSAT 3C2,TIGUAN 5N_<\/p>\n","protected":false},"featured_media":0,"template":"","meta":{"site-sidebar-layout":"default","site-content-layout":"default","ast-global-header-display":"","ast-main-header-display":"","ast-hfb-above-header-display":"","ast-hfb-below-header-display":"","ast-hfb-mobile-header-display":"","site-post-title":"","ast-breadcrumbs-content":"","ast-featured-img":"","footer-sml-layout":"","theme-transparent-header-meta":"","adv-header-id-meta":"","stick-header-meta":"","header-above-stick-meta":"","header-main-stick-meta":"","header-below-stick-meta":""},"pwb-brand":[341],"product_cat":[100],"product_tag":[],"class_list":{"0":"post-99714","1":"product","2":"type-product","3":"status-publish","5":"pwb-brand-nk","6":"product_cat-jarrupalat","7":"desktop-align-left","8":"tablet-align-left","9":"mobile-align-left","11":"first","12":"instock","13":"product-type-external"},"brands":[{"id":341,"name":"NK","slug":"nk"}],"_links":{"self":[{"href":"https:\/\/www.autonvaraosahaku.fi\/index.php?rest_route=\/wp\/v2\/product\/99714","targetHints":{"allow":["GET"]}}],"collection":[{"href":"https:\/\/www.autonvaraosahaku.fi\/index.php?rest_route=\/wp\/v2\/product"}],"about":[{"href":"https:\/\/www.autonvaraosahaku.fi\/index.php?rest_route=\/wp\/v2\/types\/product"}],"wp:attachment":[{"href":"https:\/\/www.autonvaraosahaku.fi\/index.php?rest_route=%2Fwp%2Fv2%2Fmedia&parent=99714"}],"wp:term":[{"taxonomy":"pwb-brand","embeddable":true,"href":"https:\/\/www.autonvaraosahaku.fi\/index.php?rest_route=%2Fwp%2Fv2%2Fpwb-brand&post=99714"},{"taxonomy":"product_cat","embeddable":true,"href":"https:\/\/www.autonvaraosahaku.fi\/index.php?rest_route=%2Fwp%2Fv2%2Fproduct_cat&post=99714"},{"taxonomy":"product_tag","embeddable":true,"href":"https:\/\/www.autonvaraosahaku.fi\/index.php?rest_route=%2Fwp%2Fv2%2Fproduct_tag&post=99714"}],"curies":[{"name":"wp","href":"https:\/\/api.w.org\/{rel}","templated":true}]}}