{"id":99717,"date":"2021-02-21T22:30:08","date_gmt":"2021-02-21T22:30:08","guid":{"rendered":"https:\/\/www.autonvaraosahaku.fi\/?product=meyle-100-505-0009-hd-taka-akselin-puslat"},"modified":"2021-02-21T22:30:11","modified_gmt":"2021-02-21T22:30:11","slug":"meyle-100-505-0009-hd-taka-akselin-puslat","status":"publish","type":"product","link":"https:\/\/www.autonvaraosahaku.fi\/?product=meyle-100-505-0009-hd-taka-akselin-puslat","title":{"rendered":"MEYLE 100 505 0009\/HD Taka-akselin puslat"},"content":{"rendered":"<p>Asennuspuoli: Taka-akseli, Takana; Korkeus (mm): 72; Sis\u00e4l\u00e4pimitta [mm]: 19; Ulkol\u00e4pimitta [mm]: 80; Kiinnitysmalli: Kumimetallilaakeri; Vahvistettu malli: ; lis\u00e4tieto: Quality; AUDI: A4 Avant 8ED, B7,A4 Avant 8E5, B6,A4 8E2, B6,A4 8EC, B7; SEAT: EXEO ST 3R5,EXEO 3R2; 8E0505145AP, 8E0505145AP<\/p>\n","protected":false},"excerpt":{"rendered":"<p>MEYLE Kiinnitys, Akseliston Kiinnitys 100 505 0009\/HD  AUDI,SEAT,A4 Avant 8ED, B7,A4 Avant 8E5, B6,A4 8E2, B6,A4 8EC, B7,EXEO ST 3R5,EXEO 3R2<\/p>\n","protected":false},"featured_media":0,"template":"","meta":{"site-sidebar-layout":"default","site-content-layout":"default","ast-global-header-display":"","ast-main-header-display":"","ast-hfb-above-header-display":"","ast-hfb-below-header-display":"","ast-hfb-mobile-header-display":"","site-post-title":"","ast-breadcrumbs-content":"","ast-featured-img":"","footer-sml-layout":"","theme-transparent-header-meta":"","adv-header-id-meta":"","stick-header-meta":"","header-above-stick-meta":"","header-main-stick-meta":"","header-below-stick-meta":""},"pwb-brand":[84],"product_cat":[156],"product_tag":[],"class_list":{"0":"post-99717","1":"product","2":"type-product","3":"status-publish","5":"pwb-brand-meyle","6":"product_cat-taka-akselin-puslat","7":"desktop-align-left","8":"tablet-align-left","9":"mobile-align-left","11":"first","12":"instock","13":"product-type-external"},"brands":[{"id":84,"name":"MEYLE","slug":"meyle"}],"_links":{"self":[{"href":"https:\/\/www.autonvaraosahaku.fi\/index.php?rest_route=\/wp\/v2\/product\/99717","targetHints":{"allow":["GET"]}}],"collection":[{"href":"https:\/\/www.autonvaraosahaku.fi\/index.php?rest_route=\/wp\/v2\/product"}],"about":[{"href":"https:\/\/www.autonvaraosahaku.fi\/index.php?rest_route=\/wp\/v2\/types\/product"}],"wp:attachment":[{"href":"https:\/\/www.autonvaraosahaku.fi\/index.php?rest_route=%2Fwp%2Fv2%2Fmedia&parent=99717"}],"wp:term":[{"taxonomy":"pwb-brand","embeddable":true,"href":"https:\/\/www.autonvaraosahaku.fi\/index.php?rest_route=%2Fwp%2Fv2%2Fpwb-brand&post=99717"},{"taxonomy":"product_cat","embeddable":true,"href":"https:\/\/www.autonvaraosahaku.fi\/index.php?rest_route=%2Fwp%2Fv2%2Fproduct_cat&post=99717"},{"taxonomy":"product_tag","embeddable":true,"href":"https:\/\/www.autonvaraosahaku.fi\/index.php?rest_route=%2Fwp%2Fv2%2Fproduct_tag&post=99717"}],"curies":[{"name":"wp","href":"https:\/\/api.w.org\/{rel}","templated":true}]}}