{"id":99722,"date":"2021-02-21T22:30:08","date_gmt":"2021-02-21T22:30:08","guid":{"rendered":"https:\/\/www.autonvaraosahaku.fi\/?product=amc-908718-venttiilikoppa"},"modified":"2021-02-21T22:30:13","modified_gmt":"2021-02-21T22:30:13","slug":"amc-908718-venttiilikoppa","status":"publish","type":"product","link":"https:\/\/www.autonvaraosahaku.fi\/?product=amc-908718-venttiilikoppa","title":{"rendered":"AMC 908718 Venttiilikoppa"},"content":{"rendered":"<p>OE-numerolle: 03G103063F, 03G103264BX, 03G103264CX, 03G103264DX, 03G103264EX, 03G103264FX, 03G103264GX, 03G103264HX, 03G103264JX, 03G103351B, 03G103351E, 68001295AA, MN980021; Korvaava tuote\/korvaava tiedote 2: ilman nokka-akseleita (akselia), ilman venttiilej\u00e4, ilman venttiilijousia; Polttoainej\u00e4rjestelm\u00e4: Suoraruiskutus; Vaihtoehtoisesti: ; VW: GOLF V 1K1,TOURAN 1T1, 1T2,PASSAT Variant 3C5,GOLF PLUS 5M1, 521,PASSAT 3C2,GOLF V Variant 1K5,JETTA III 1K2; AUDI: A6 Avant 4F5, C6,A3 8P1,A3 Sportback 8PA,A4 Avant 8ED, B7,A6 4F2, C6,A4 8EC, B7; JEEP: COMPASS MK49,PATRIOT MK74; SKODA: OCTAVIA Combi 1Z5,SUPERB Kombi 3T5,OCTAVIA 1Z3,SUPERB 3T4; SEAT: LEON 1P1,ALTEA 5P1,ALTEA XL 5P5, 5P8,TOLEDO III 5P2; CHRYSLER: SEBRING JS,SEBRING Cabriolet JS; MITSUBISHI: OUTLANDER XL II CW_W,GRANDIS NA_W,LANCER SPORTBACK CX_A,LANCER Stufenheck CY\/Z_A; DODGE: CALIBER,AVENGER; 03G103063F, 03G103264BX, 03G103264CX, 03G103264DX, 03G103264EX, 03G103264FX, 03G103264GX, 03G103264JX, 03G103351B, 03G103351E, 68001295AA, 68001295AA, 68001295AA, MN980021, 03G103264EX, 03G103264FX, 03G103351B, 03G103264BX, 03G103264DX, 03G103264EX, 03G103264FX, 03G103264GX, 03G103351B, 03G103264BX, 03G103264DX, 03G103264EX, 03G103264FX, 03G103264GX, 03G103264HX, 03G103264JX, 03G103351B, 03G103351E<\/p>\n","protected":false},"excerpt":{"rendered":"<p>AMC Sylinterikansi 908718  VW,AUDI,JEEP,GOLF V 1K1,TOURAN 1T1, 1T2,PASSAT Variant 3C5,GOLF PLUS 5M1, 521,PASSAT 3C2,GOLF V Variant 1K5,JETTA III 1K2<\/p>\n","protected":false},"featured_media":0,"template":"","meta":{"site-sidebar-layout":"default","site-content-layout":"default","ast-global-header-display":"","ast-main-header-display":"","ast-hfb-above-header-display":"","ast-hfb-below-header-display":"","ast-hfb-mobile-header-display":"","site-post-title":"","ast-breadcrumbs-content":"","ast-featured-img":"","footer-sml-layout":"","theme-transparent-header-meta":"","adv-header-id-meta":"","stick-header-meta":"","header-above-stick-meta":"","header-main-stick-meta":"","header-below-stick-meta":""},"pwb-brand":[595],"product_cat":[169],"product_tag":[],"class_list":{"0":"post-99722","1":"product","2":"type-product","3":"status-publish","5":"pwb-brand-amc","6":"product_cat-venttiilikoppa","7":"desktop-align-left","8":"tablet-align-left","9":"mobile-align-left","11":"first","12":"instock","13":"product-type-external"},"brands":[{"id":595,"name":"AMC","slug":"amc"}],"_links":{"self":[{"href":"https:\/\/www.autonvaraosahaku.fi\/index.php?rest_route=\/wp\/v2\/product\/99722","targetHints":{"allow":["GET"]}}],"collection":[{"href":"https:\/\/www.autonvaraosahaku.fi\/index.php?rest_route=\/wp\/v2\/product"}],"about":[{"href":"https:\/\/www.autonvaraosahaku.fi\/index.php?rest_route=\/wp\/v2\/types\/product"}],"wp:attachment":[{"href":"https:\/\/www.autonvaraosahaku.fi\/index.php?rest_route=%2Fwp%2Fv2%2Fmedia&parent=99722"}],"wp:term":[{"taxonomy":"pwb-brand","embeddable":true,"href":"https:\/\/www.autonvaraosahaku.fi\/index.php?rest_route=%2Fwp%2Fv2%2Fpwb-brand&post=99722"},{"taxonomy":"product_cat","embeddable":true,"href":"https:\/\/www.autonvaraosahaku.fi\/index.php?rest_route=%2Fwp%2Fv2%2Fproduct_cat&post=99722"},{"taxonomy":"product_tag","embeddable":true,"href":"https:\/\/www.autonvaraosahaku.fi\/index.php?rest_route=%2Fwp%2Fv2%2Fproduct_tag&post=99722"}],"curies":[{"name":"wp","href":"https:\/\/api.w.org\/{rel}","templated":true}]}}