{"id":99728,"date":"2021-02-21T22:30:08","date_gmt":"2021-02-21T22:30:08","guid":{"rendered":"https:\/\/www.autonvaraosahaku.fi\/?product=blue-print-ads72101-oljynsuodatin"},"modified":"2021-02-21T22:30:15","modified_gmt":"2021-02-21T22:30:15","slug":"blue-print-ads72101-oljynsuodatin","status":"publish","type":"product","link":"https:\/\/www.autonvaraosahaku.fi\/?product=blue-print-ads72101-oljynsuodatin","title":{"rendered":"Blue Print ADS72101 \u00d6ljynsuodatin"},"content":{"rendered":"<p>Suodatintyyppi: Ruuvattava suodatin, Ruuvattava suodatin; Korkeus (mm): 80; Ulkol\u00e4pimitta [mm]: 80,0; Sis\u00e4kierre (mm): M20 x 1,5; Paino [kg]: 0,330; Huomioi tekniset tiedot: ; MAZDA: 5 CR19,3 BK,6 Station Wagon GY,6 Kombi GH,323 F VI BJ,PREMACY CP,CX-7 ER,6 Hatchback GG,6 GG,3 BL,6 Schr\u00e4gheck GH,626 V Hatchback GF,3 Stufenheck BK,6 GH,MPV II LW,626 V GF,626 V Station Wagon GW,323 P V BA,3 Stufenheck BL,FAMILIA VI BJ,323 C IV BG,FAMILIA V BG8,323 III Hatchback BF,FAMILIA IV BG,E-SERIE Kasten SR2,B-SERIE UF,323 III BF,323 III Station Wagon BW,323 II Hatchback BD,323 I FA,323 II BD,323 I Station Wagon FA,B-SERIE PE; KIA: SORENTO I JC,SPORTAGE SL,CEE&#8217;D SW ED,CEE&#8217;D Schr\u00e4gheck ED,SPORTAGE JE_, KM_,VENGA YN,SORENTO II XM,CARENS II FJ,RIO III UB,RIO II JB,CEE&#8217;D JD,CARENS III UN,CARNIVAL II GQ,CARNIVAL \/ GRAND CARNIVAL III VQ,CEE`D Sportswagon JD,PRO CEE&#8217;D ED,SOUL AM,CERATO LD,MAGENTIS GD,MAGENTIS MG,PRO CEE\u00b4D JD,OPIRUS GH,CERATO Stufenheck LD,RIO II Stufenheck JB,OPTIMA,JOICE,RIO III Stufenheck UB,CARNIVAL I UP,SPORTAGE QL,CERATO II Stufenheck TD,NIRO,OPTIMA Sportswagon,CERATO KOUP TD,STINGER CK,RIO IV YB,CEE&#8217;D Combi Van JD,RIO IV Stufenheck SC, FB; HONDA: CIVIC VII Hatchback EU, EP, EV,CIVIC VI Hatchback EJ, EK,ACCORD VI CG, CK,CIVIC VI Fastback MA, MB,CRX III EH, EG,LOGO GA3,CIVIC VI Aerodeck MB, MC,CR-V I RD,HR-V GH,CRX II ED, EE,CIVIC V Hatchback EG,PRELUDE V BB,ACCORD VI Hatchback CH,ACCORD VI Coupe CG,S2000 AP,CIVIC IV Hatchback EC, ED, EE,ACCORD V CE, CF,CIVIC VI Stufenheck EJ, EK,PRELUDE IV BB,CIVIC VI Coupe EJ, EM1,SHUTTLE RA,INTEGRA Coupe DC2, DC4,CIVIC V Coupe EJ,CIVIC VII Stufenheck ES,ACCORD IV CB,CIVIC V Stufenheck EG, EH,ACCORD V Aerodeck CE,ACCORD V CC, CD,LEGEND III KA9,ACCORD V Coupe CD,CONCERTO HW,CIVIC IV Stufenheck ED,ACCORD IV Aerodeck CB,CONCERTO Stufenheck HWW,ODYSSEY RB_,ACCORD IV Coupe CB, CC; HYUNDAI: ix35 LM, EL, ELH,i30 FD,GETZ TB,i20 PB, PBT,TUCSON JM,i30 CW FD,SANTA F\u00c9 I SM,SANTA F\u00c9 II CM,i30 GD,MATRIX FC,TERRACAN HP,COUPE GK,H-1 Travel TQ,TRAJET FO,SONATA V NF,GALLOPER II JK-01,SANTA F\u00c9 III DM,i30 Coupe,SONATA IV EF,GENESIS Coupe,ACCENT II LC,COUPE RD,VELOSTER FS,H-1 Kasten,H-1 Cargo TQ,ACCENT III MC,H-1 \/ STAREX,ELANTRA XD,ACCENT III Stufenheck MC,ELANTRA Stufenheck XD,ACCENT I X-3,ACCENT II Stufenheck LC,XG XG,LANTRA II Wagon J-2,LANTRA II J-2,SANTAMO,ACCENT Stufenheck X-3,SONATA III Y-3,PONY X-2,LANTRA I J-1,TUCSON,S COUPE SLC,ELANTRA Stufenheck MD, UD,H100 Bus P,ACCENT IV RB,H100 Kasten,SONATA VI YF,ELANTRA Stufenheck HD,PONY \/ EXCEL Stufenheck X-2,SONATA II Y-2,ACCENT IV Stufenheck RB,i30 PDE,IONIQ AE,i30 Kombi PDE,KONA OS,i30 FASTBACK PDE,STELLAR F31_, SF2_,ELANTRA Stufenheck AD,CRETA; ROVER: 600 RH,CABRIOLET XW,400 Hatchback RT,200 Hatchback XW,200 Coupe XW,400 Tourer XW,400 XW; OPEL: CAMPO TF_,MONTEREY A UBS_,MONTEREY B; SUBARU: FORESTER SH,FORESTER SJ,XV,LEGACY III Station Wagon BE, BH,LIBERO Bus E10, E12,OUTBACK BE, BH,OUTBACK BM, BR,BRZ,TRIBECA B9,JUSTY I KAD,LEGACY III BE, BH,SVX CX,IMPREZA Schr\u00e4gheck GP,IMPREZA Stufenheck GJ,OUTBACK BS,REX II; TOYOTA: GT 86 Coupe ZN6_; MITSUBISHI: PAJERO III V7_W, V6_W,PAJERO IV V8_W, V9_W,L 200 K7_T, K6_T,L 200 KB_T, KA_T,PAJERO II V3_W, V2_W, V4_W,PAJERO SPORT K90,GALLOPER JK-01,3000 GT Z16A,SIGMA F2_A, F1_A,PAJERO III Gel\u00e4ndewagen offen V6_W, V7_W,GALANT V Stufenheck E5_A, E7_A, E8_A,SIGMA Station Wagon F0_W,GALANT V E5_A, E7_A, E8_A,PAJERO II Canvas Top V2_W, V4_W,GTO Coupe Z1_A; LOTUS: ELAN; 2630035502, MD031805, 2630035504, 04154PR3E00, 15400611003, 15400634000, 15400634003, 15400657000, 15400PC6405, 15400PCX003, 15400PCX004, 15400PCX305, 15400PH1014, 15400PH1F01, 15400PH1F02, 15400PH1F03, 15400PH3003, 15400PH3004, 15400PH4K02, 15400PR3003, 15400PR3004, 15400PR3014, 15400PR3405, 15400PT1K01, 15400PT1K02, 15400PT1K04, 15400PT7004, 15400PT7005, 15400PT7006, 2630011100, 2630021010, 2630021A00, 2630035004, 2630035014, 2630035054, 2630035056, 2630035156, 2630035500, 2630035501, 2630035502, 2630035503, 2630035504, 2630035505, 2630035A00, 263003E010, S2630035501, S2630035502, S2630035503, 5876100080, 8941357471, 8941494180, 8942019420, 8942435020, 8942435022, 8944110840, 8944304110, 8944304111, 8944567410, 8944567411, 8944567412, 8972093060, 8972093061, 8972093062, 0K01623802A, 0RF0323802A, 0RF0323802B, 2630035500, 2630035501, 2630035502, 2630035502BR, 2630035503, 2630035503BR, 2630035504, 2630035505, 263003E010, K71023820, oK01623802A, oRF0323802A, oRF0323802B, S2630035501, S&#8230;<\/p>\n","protected":false},"excerpt":{"rendered":"<p>BLUE PRINT \u00d6ljynsuodatin ADS72101  MAZDA,KIA,HONDA,5 CR19,3 BK,6 Station Wagon GY,6 Kombi GH,323 F VI BJ,PREMACY CP,CX-7 ER,6 Hatchback GG,6 GG,3 BL<\/p>\n","protected":false},"featured_media":0,"template":"","meta":{"site-sidebar-layout":"default","site-content-layout":"default","ast-global-header-display":"","ast-main-header-display":"","ast-hfb-above-header-display":"","ast-hfb-below-header-display":"","ast-hfb-mobile-header-display":"","site-post-title":"","ast-breadcrumbs-content":"","ast-featured-img":"","footer-sml-layout":"","theme-transparent-header-meta":"","adv-header-id-meta":"","stick-header-meta":"","header-above-stick-meta":"","header-main-stick-meta":"","header-below-stick-meta":""},"pwb-brand":[533],"product_cat":[30],"product_tag":[],"class_list":{"0":"post-99728","1":"product","2":"type-product","3":"status-publish","5":"pwb-brand-blue-print","6":"product_cat-oljynsuodatin","7":"desktop-align-left","8":"tablet-align-left","9":"mobile-align-left","11":"first","12":"instock","13":"product-type-external"},"brands":[{"id":533,"name":"Blue Print","slug":"blue-print"}],"_links":{"self":[{"href":"https:\/\/www.autonvaraosahaku.fi\/index.php?rest_route=\/wp\/v2\/product\/99728","targetHints":{"allow":["GET"]}}],"collection":[{"href":"https:\/\/www.autonvaraosahaku.fi\/index.php?rest_route=\/wp\/v2\/product"}],"about":[{"href":"https:\/\/www.autonvaraosahaku.fi\/index.php?rest_route=\/wp\/v2\/types\/product"}],"wp:attachment":[{"href":"https:\/\/www.autonvaraosahaku.fi\/index.php?rest_route=%2Fwp%2Fv2%2Fmedia&parent=99728"}],"wp:term":[{"taxonomy":"pwb-brand","embeddable":true,"href":"https:\/\/www.autonvaraosahaku.fi\/index.php?rest_route=%2Fwp%2Fv2%2Fpwb-brand&post=99728"},{"taxonomy":"product_cat","embeddable":true,"href":"https:\/\/www.autonvaraosahaku.fi\/index.php?rest_route=%2Fwp%2Fv2%2Fproduct_cat&post=99728"},{"taxonomy":"product_tag","embeddable":true,"href":"https:\/\/www.autonvaraosahaku.fi\/index.php?rest_route=%2Fwp%2Fv2%2Fproduct_tag&post=99728"}],"curies":[{"name":"wp","href":"https:\/\/api.w.org\/{rel}","templated":true}]}}