{"id":99731,"date":"2021-02-21T22:30:17","date_gmt":"2021-02-21T22:30:17","guid":{"rendered":"https:\/\/www.autonvaraosahaku.fi\/?product=blue-print-adk82102-oljynsuodatin"},"modified":"2021-02-21T22:30:17","modified_gmt":"2021-02-21T22:30:17","slug":"blue-print-adk82102-oljynsuodatin","status":"publish","type":"product","link":"https:\/\/www.autonvaraosahaku.fi\/?product=blue-print-adk82102-oljynsuodatin","title":{"rendered":"Blue Print ADK82102 \u00d6ljynsuodatin"},"content":{"rendered":"<p>Suodatintyyppi: Ruuvattava suodatin, Ruuvattava suodatin; Korkeus (mm): 83; Ulkol\u00e4pimitta [mm]: 69,0; Sis\u00e4kierre (mm): 3\/4 &#8211; 16 UNF; Paino [kg]: 0,260; Alustanumerosta: 7A-RH000 001; VW: TARO; SUZUKI: SWIFT III MZ, EZ,JIMNY FJ,SWIFT IV FZ, NZ,GRAND VITARA II JT,SX4 EY, GY,SAMURAI SJ,GRAND VITARA I FT,WAGON R+ MM,IGNIS FH,IGNIS II,SWIFT II Schr\u00e4gheck EA, MA,VITARA ET, TA,VITARA Cabrio ET, TA,LIANA Schr\u00e4gheck,SX4 S-Cross,SJ 413,LIANA ER,KIZASHI FR,BALENO Kombi EG,BALENO EG,SX4 Stufenheck GY,BALENO Schr\u00e4gheck EG,SJ 410 Cabrio,SJ 410,X-90 EL,WAGON R,SUPER CARRY Bus ED,VITARA LY,GRAND VITARA I Cabriolet GT,CARRY Pick-up; SUBARU: JUSTY III G3X; FIAT: SEDICI; 1560187Z01, 71742115, 71746761, 71747593, 71768154, 1651060B11, 1651061A01, 420337100, 1651060B00, 1651061A00, 1651061A01, 1651061A01000, 1651061A02, 1651061A02000, 1651061A20, 1651061A20000, 1651061A20MHL, 1651061A20MIT, 1651061A21, 1651061A30, 1651061A30000, 1651061A31, 1651083000, 1651083000000, 1651083001, 1651083001000, 1651083012, 1651083012000, 1651085C00, 1651085C00000, 1651085C10000, 1651085C20, 1651085FA0, 1651090J00, 1651090J00000, 16510A60B00, 16510B83000, J9091510002<\/p>\n","protected":false},"excerpt":{"rendered":"<p>BLUE PRINT \u00d6ljynsuodatin ADK82102  VW,SUZUKI,SUBARU,TARO,SWIFT III MZ, EZ,JIMNY FJ,SWIFT IV FZ, NZ,GRAND VITARA II JT,SX4 EY, GY,SAMURAI SJ<\/p>\n","protected":false},"featured_media":0,"template":"","meta":{"site-sidebar-layout":"default","site-content-layout":"default","ast-global-header-display":"","ast-main-header-display":"","ast-hfb-above-header-display":"","ast-hfb-below-header-display":"","ast-hfb-mobile-header-display":"","site-post-title":"","ast-breadcrumbs-content":"","ast-featured-img":"","footer-sml-layout":"","theme-transparent-header-meta":"","adv-header-id-meta":"","stick-header-meta":"","header-above-stick-meta":"","header-main-stick-meta":"","header-below-stick-meta":""},"pwb-brand":[533],"product_cat":[30],"product_tag":[],"class_list":{"0":"post-99731","1":"product","2":"type-product","3":"status-publish","5":"pwb-brand-blue-print","6":"product_cat-oljynsuodatin","7":"desktop-align-left","8":"tablet-align-left","9":"mobile-align-left","11":"first","12":"instock","13":"product-type-external"},"brands":[{"id":533,"name":"Blue Print","slug":"blue-print"}],"_links":{"self":[{"href":"https:\/\/www.autonvaraosahaku.fi\/index.php?rest_route=\/wp\/v2\/product\/99731","targetHints":{"allow":["GET"]}}],"collection":[{"href":"https:\/\/www.autonvaraosahaku.fi\/index.php?rest_route=\/wp\/v2\/product"}],"about":[{"href":"https:\/\/www.autonvaraosahaku.fi\/index.php?rest_route=\/wp\/v2\/types\/product"}],"wp:attachment":[{"href":"https:\/\/www.autonvaraosahaku.fi\/index.php?rest_route=%2Fwp%2Fv2%2Fmedia&parent=99731"}],"wp:term":[{"taxonomy":"pwb-brand","embeddable":true,"href":"https:\/\/www.autonvaraosahaku.fi\/index.php?rest_route=%2Fwp%2Fv2%2Fpwb-brand&post=99731"},{"taxonomy":"product_cat","embeddable":true,"href":"https:\/\/www.autonvaraosahaku.fi\/index.php?rest_route=%2Fwp%2Fv2%2Fproduct_cat&post=99731"},{"taxonomy":"product_tag","embeddable":true,"href":"https:\/\/www.autonvaraosahaku.fi\/index.php?rest_route=%2Fwp%2Fv2%2Fproduct_tag&post=99731"}],"curies":[{"name":"wp","href":"https:\/\/api.w.org\/{rel}","templated":true}]}}