{"id":99739,"date":"2021-02-21T22:30:17","date_gmt":"2021-02-21T22:30:17","guid":{"rendered":"https:\/\/www.autonvaraosahaku.fi\/?product=blue-print-adn12112-oljynsuodatin"},"modified":"2021-02-21T22:30:20","modified_gmt":"2021-02-21T22:30:20","slug":"blue-print-adn12112-oljynsuodatin","status":"publish","type":"product","link":"https:\/\/www.autonvaraosahaku.fi\/?product=blue-print-adn12112-oljynsuodatin","title":{"rendered":"Blue Print ADN12112 \u00d6ljynsuodatin"},"content":{"rendered":"<p>Suodatintyyppi: Ruuvattava suodatin, Ruuvattava suodatin; Korkeus (mm): 74; Ulkol\u00e4pimitta [mm]: 69,0; Sis\u00e4kierre (mm): M20 x 1,5; Tiivisteen l\u00e4pimitta [mm]: 62; Paino [kg]: 0,213; Moottorinumero: M4R; NISSAN: QASHQAI \/ QASHQAI +2 J10, JJ10,MICRA III K12,X-TRAIL T30,NOTE E11,ALMERA TINO V10,ALMERA II Hatchback N16,NAVARA D40,JUKE F15,X-TRAIL T31,PRIMERA P11,MICRA IV K13,PRIMERA Kombi WP12,PRIMERA P12,NV200 EVALIA,PRIMERA Traveller WP11,350 Z Z33,PRIMERA Hatchback P11,MICRA C+C K12,MURANO Z50,NOTE E12,PRIMERA Hatchback P12,TIIDA Schr\u00e4gheck,NV200 Kasten,ALMERA I Hatchback N15,MURANO Z51,PICK UP D22,NAVARA D22,PATHFINDER R50,ALMERA Mk II N16,370 Z Z34,200 SX S14,350 Z Roadster Z33,CUBE Z12,TIIDA Stufenheck SC11X,370 Z Roadster Z34,NP300,QASHQAI J11, J11_,PRIMERA Traveller W10,NAVARA Pritsche\/Fahrgestell D22,X-TRAIL T32,PULSAR Schr\u00e4gheck C13,TEANA II J32,ALTIMA,200 SX S15,SERENA C24,TEANA I J31,SERENA C25,BLUEBIRD SYLPHY N16,SENTRA B16,BLUEBIRD SYLPHY G11,ALMERA N17,MAXIMA A34,SERENA C26; INFINITI: Q50,FX,EX,M Y51,G Stufenheck,G Coupe,M35,Q70 Y51,QX4,QX70,QX50; RENAULT: CLIO III BR0\/1, CR0\/1,MEGANE III Grandtour KZ0\/1,ESPACE IV JK0\/1_,SC\u00c9NIC III JZ0\/1_,LAGUNA III Grandtour KT0\/1,CLIO IV,MEGANE III Schr\u00e4gheck BZ0_,GRAND SC\u00c9NIC III JZ0\/1_,MEGANE III Coupe DZ0\/1_,KOLEOS HY_,LAGUNA III BT0\/1,MEGANE CC EZ0\/1_,VEL SATIS BJ0_,LAGUNA Coupe DT0\/1,FLUENCE L30_,LATITUDE L70_,DUSTER,KADJAR,MEGANE IV B9A\/M_,KOLEOS II; 1520865F00, 1520865F0A, 1520865F0B, 1520865F1A, 1520865F1B, 152089F600, 152081HC0A, 152083J400, 152083J400XX, 1520865F00, 1520865F01, 1520865F0A, 1520865F0B, 1520865F1A, 1520865F1B, 152089F600, 152089F60A, 15208ED50A, AY100NS004, 152009645R, 152085758R, 1520865F0B, 152088066R, 152089F600, 152089F60A, 7701053054, 7701068766, 8671004310<\/p>\n","protected":false},"excerpt":{"rendered":"<p>BLUE PRINT \u00d6ljynsuodatin ADN12112  NISSAN,INFINITI,RENAULT,QASHQAI \/ QASHQAI +2 J10, JJ10,MICRA III K12,X-TRAIL T30,NOTE E11,ALMERA TINO V10<\/p>\n","protected":false},"featured_media":0,"template":"","meta":{"site-sidebar-layout":"default","site-content-layout":"default","ast-global-header-display":"","ast-main-header-display":"","ast-hfb-above-header-display":"","ast-hfb-below-header-display":"","ast-hfb-mobile-header-display":"","site-post-title":"","ast-breadcrumbs-content":"","ast-featured-img":"","footer-sml-layout":"","theme-transparent-header-meta":"","adv-header-id-meta":"","stick-header-meta":"","header-above-stick-meta":"","header-main-stick-meta":"","header-below-stick-meta":""},"pwb-brand":[533],"product_cat":[30],"product_tag":[],"class_list":{"0":"post-99739","1":"product","2":"type-product","3":"status-publish","5":"pwb-brand-blue-print","6":"product_cat-oljynsuodatin","7":"desktop-align-left","8":"tablet-align-left","9":"mobile-align-left","11":"first","12":"instock","13":"product-type-external"},"brands":[{"id":533,"name":"Blue Print","slug":"blue-print"}],"_links":{"self":[{"href":"https:\/\/www.autonvaraosahaku.fi\/index.php?rest_route=\/wp\/v2\/product\/99739","targetHints":{"allow":["GET"]}}],"collection":[{"href":"https:\/\/www.autonvaraosahaku.fi\/index.php?rest_route=\/wp\/v2\/product"}],"about":[{"href":"https:\/\/www.autonvaraosahaku.fi\/index.php?rest_route=\/wp\/v2\/types\/product"}],"wp:attachment":[{"href":"https:\/\/www.autonvaraosahaku.fi\/index.php?rest_route=%2Fwp%2Fv2%2Fmedia&parent=99739"}],"wp:term":[{"taxonomy":"pwb-brand","embeddable":true,"href":"https:\/\/www.autonvaraosahaku.fi\/index.php?rest_route=%2Fwp%2Fv2%2Fpwb-brand&post=99739"},{"taxonomy":"product_cat","embeddable":true,"href":"https:\/\/www.autonvaraosahaku.fi\/index.php?rest_route=%2Fwp%2Fv2%2Fproduct_cat&post=99739"},{"taxonomy":"product_tag","embeddable":true,"href":"https:\/\/www.autonvaraosahaku.fi\/index.php?rest_route=%2Fwp%2Fv2%2Fproduct_tag&post=99739"}],"curies":[{"name":"wp","href":"https:\/\/api.w.org\/{rel}","templated":true}]}}