{"id":99757,"date":"2021-02-21T22:30:25","date_gmt":"2021-02-21T22:30:25","guid":{"rendered":"https:\/\/www.autonvaraosahaku.fi\/?product=blue-print-adg02129-oljynsuodatin"},"modified":"2021-02-21T22:30:29","modified_gmt":"2021-02-21T22:30:29","slug":"blue-print-adg02129-oljynsuodatin","status":"publish","type":"product","link":"https:\/\/www.autonvaraosahaku.fi\/?product=blue-print-adg02129-oljynsuodatin","title":{"rendered":"Blue Print ADG02129 \u00d6ljynsuodatin"},"content":{"rendered":"<p>Suodatintyyppi: Suodatinpanos, Suodatinpanos; Korkeus (mm): 121; Sis\u00e4l\u00e4pimitta [mm]: 25,0; Ulkol\u00e4pimitta [mm]: 61,0; Paino [kg]: 0,080; Huomioi tekniset tiedot: ; HYUNDAI: i30 FD,GETZ TB,i10 PA,i30 CW FD,MATRIX FC,ACCENT III MC,ACCENT III Stufenheck MC,ELANTRA Stufenheck HD; KIA: PICANTO BA,CEE&#8217;D SW ED,CEE&#8217;D Schr\u00e4gheck ED,RIO II JB,PRO CEE&#8217;D ED,CERATO LD,CERATO Stufenheck LD,RIO II Stufenheck JB; 263142A000, 263202A000, 263202A001, 263202A002, S263202A001, 263102A000, 263202A000, 263202A001, 263202A002, S263202A001<\/p>\n","protected":false},"excerpt":{"rendered":"<p>BLUE PRINT \u00d6ljynsuodatin ADG02129  HYUNDAI,KIA,i30 FD,GETZ TB,i10 PA,i30 CW FD,MATRIX FC,ACCENT III MC,ACCENT III Stufenheck MC,ELANTRA Stufenheck HD<\/p>\n","protected":false},"featured_media":0,"template":"","meta":{"site-sidebar-layout":"default","site-content-layout":"default","ast-global-header-display":"","ast-main-header-display":"","ast-hfb-above-header-display":"","ast-hfb-below-header-display":"","ast-hfb-mobile-header-display":"","site-post-title":"","ast-breadcrumbs-content":"","ast-featured-img":"","footer-sml-layout":"","theme-transparent-header-meta":"","adv-header-id-meta":"","stick-header-meta":"","header-above-stick-meta":"","header-main-stick-meta":"","header-below-stick-meta":""},"pwb-brand":[533],"product_cat":[30],"product_tag":[],"class_list":{"0":"post-99757","1":"product","2":"type-product","3":"status-publish","5":"pwb-brand-blue-print","6":"product_cat-oljynsuodatin","7":"desktop-align-left","8":"tablet-align-left","9":"mobile-align-left","11":"first","12":"instock","13":"product-type-external"},"brands":[{"id":533,"name":"Blue Print","slug":"blue-print"}],"_links":{"self":[{"href":"https:\/\/www.autonvaraosahaku.fi\/index.php?rest_route=\/wp\/v2\/product\/99757","targetHints":{"allow":["GET"]}}],"collection":[{"href":"https:\/\/www.autonvaraosahaku.fi\/index.php?rest_route=\/wp\/v2\/product"}],"about":[{"href":"https:\/\/www.autonvaraosahaku.fi\/index.php?rest_route=\/wp\/v2\/types\/product"}],"wp:attachment":[{"href":"https:\/\/www.autonvaraosahaku.fi\/index.php?rest_route=%2Fwp%2Fv2%2Fmedia&parent=99757"}],"wp:term":[{"taxonomy":"pwb-brand","embeddable":true,"href":"https:\/\/www.autonvaraosahaku.fi\/index.php?rest_route=%2Fwp%2Fv2%2Fpwb-brand&post=99757"},{"taxonomy":"product_cat","embeddable":true,"href":"https:\/\/www.autonvaraosahaku.fi\/index.php?rest_route=%2Fwp%2Fv2%2Fproduct_cat&post=99757"},{"taxonomy":"product_tag","embeddable":true,"href":"https:\/\/www.autonvaraosahaku.fi\/index.php?rest_route=%2Fwp%2Fv2%2Fproduct_tag&post=99757"}],"curies":[{"name":"wp","href":"https:\/\/api.w.org\/{rel}","templated":true}]}}