{"id":99768,"date":"2021-02-21T22:30:25","date_gmt":"2021-02-21T22:30:25","guid":{"rendered":"https:\/\/www.autonvaraosahaku.fi\/?product=blue-print-adn18035-tukivarren-hela"},"modified":"2021-02-21T22:30:33","modified_gmt":"2021-02-21T22:30:33","slug":"blue-print-adn18035-tukivarren-hela","status":"publish","type":"product","link":"https:\/\/www.autonvaraosahaku.fi\/?product=blue-print-adn18035-tukivarren-hela","title":{"rendered":"Blue Print ADN18035 Tukivarren hela"},"content":{"rendered":"<p>Paksuus [mm]: 48,0; Sis\u00e4l\u00e4pimitta [mm]: 18,0; Ulkol\u00e4pimitta [mm]: 42,0; Ohjausmalli: Poikittaistukivarsi; Asennuspuoli: etuakseli molemminpuoleinen, Yl\u00e4puolella; Kiinnitysmalli: Kumimetallilaakeri; Paino [kg]: 0,1, 0,1; Moottorinumero: Z24S; NISSAN: TERRANO II R20,PICK UP D22,NAVARA D22,PICK UP D21,TERRANO I WD21,PICK UP 720,PATHFINDER; FORD: MAVERICK UDS, UNS; 1954757, 54506B9500<\/p>\n","protected":false},"excerpt":{"rendered":"<p>BLUE PRINT Tukivarren Hela ADN18035  NISSAN,FORD,TERRANO II R20,PICK UP D22,NAVARA D22,PICK UP D21,TERRANO I WD21,PICK UP 720,PATHFINDER<\/p>\n","protected":false},"featured_media":0,"template":"","meta":{"site-sidebar-layout":"default","site-content-layout":"default","ast-global-header-display":"","ast-main-header-display":"","ast-hfb-above-header-display":"","ast-hfb-below-header-display":"","ast-hfb-mobile-header-display":"","site-post-title":"","ast-breadcrumbs-content":"","ast-featured-img":"","footer-sml-layout":"","theme-transparent-header-meta":"","adv-header-id-meta":"","stick-header-meta":"","header-above-stick-meta":"","header-main-stick-meta":"","header-below-stick-meta":""},"pwb-brand":[533],"product_cat":[115],"product_tag":[],"class_list":{"0":"post-99768","1":"product","2":"type-product","3":"status-publish","5":"pwb-brand-blue-print","6":"product_cat-tukivarren-hela","7":"desktop-align-left","8":"tablet-align-left","9":"mobile-align-left","11":"first","12":"instock","13":"product-type-external"},"brands":[{"id":533,"name":"Blue Print","slug":"blue-print"}],"_links":{"self":[{"href":"https:\/\/www.autonvaraosahaku.fi\/index.php?rest_route=\/wp\/v2\/product\/99768","targetHints":{"allow":["GET"]}}],"collection":[{"href":"https:\/\/www.autonvaraosahaku.fi\/index.php?rest_route=\/wp\/v2\/product"}],"about":[{"href":"https:\/\/www.autonvaraosahaku.fi\/index.php?rest_route=\/wp\/v2\/types\/product"}],"wp:attachment":[{"href":"https:\/\/www.autonvaraosahaku.fi\/index.php?rest_route=%2Fwp%2Fv2%2Fmedia&parent=99768"}],"wp:term":[{"taxonomy":"pwb-brand","embeddable":true,"href":"https:\/\/www.autonvaraosahaku.fi\/index.php?rest_route=%2Fwp%2Fv2%2Fpwb-brand&post=99768"},{"taxonomy":"product_cat","embeddable":true,"href":"https:\/\/www.autonvaraosahaku.fi\/index.php?rest_route=%2Fwp%2Fv2%2Fproduct_cat&post=99768"},{"taxonomy":"product_tag","embeddable":true,"href":"https:\/\/www.autonvaraosahaku.fi\/index.php?rest_route=%2Fwp%2Fv2%2Fproduct_tag&post=99768"}],"curies":[{"name":"wp","href":"https:\/\/api.w.org\/{rel}","templated":true}]}}