{"id":99772,"date":"2021-02-21T22:30:34","date_gmt":"2021-02-21T22:30:34","guid":{"rendered":"https:\/\/www.autonvaraosahaku.fi\/?product=blue-print-adn12121-oljynsuodatin"},"modified":"2021-02-21T22:30:36","modified_gmt":"2021-02-21T22:30:36","slug":"blue-print-adn12121-oljynsuodatin","status":"publish","type":"product","link":"https:\/\/www.autonvaraosahaku.fi\/?product=blue-print-adn12121-oljynsuodatin","title":{"rendered":"Blue Print ADN12121 \u00d6ljynsuodatin"},"content":{"rendered":"<p>Suodatintyyppi: Ruuvattava suodatin; Korkeus (mm): 67; Ulkol\u00e4pimitta [mm]: 77,5; Sis\u00e4kierre (mm): M20 x 1,5; Paino [kg]: 0,290; Huomioi huolto-ohjeet: , ; Valmistusvuosi alkaen: 09\/2007; NISSAN: QASHQAI \/ QASHQAI +2 J10, JJ10,NOTE E11,JUKE F15,MICRA IV K13,PRIMERA Kombi WP12,PRIMERA P12,NV200 EVALIA,PRIMERA Hatchback P12,TIIDA Schr\u00e4gheck,NV200 Kasten,PRIMASTAR Bus X83,PRIMASTAR Kasten X83,CUBE Z12,INTERSTAR Kasten X70,TIIDA Stufenheck SC11X,KUBISTAR Kasten X80,INTERSTAR Bus X70,PRIMASTAR Pritsche\/Fahrgestell,MICRA V K14; SUZUKI: JIMNY FJ,GRAND VITARA II JT; OPEL: VIVARO Kasten F7,VIVARO Combi J7,MOVANO Kasten F9,MOVANO Combi J9,VIVARO Pritsche\/Fahrgestell E7; DACIA: DUSTER,SANDERO,LOGAN MCV KS_,SANDERO II,LOGAN MCV II,LOGAN II; SMART: FORTWO Coupe 453,FORFOUR Schr\u00e4gheck 453,FORTWO Cabriolet 453; RENAULT: CLIO II BB0\/1\/2_, CB0\/1\/2_,CLIO III BR0\/1, CR0\/1,SC\u00c9NIC II JM0\/1_,KANGOO KC0\/1_,TWINGO II CN0_,MEGANE III Grandtour KZ0\/1,ESPACE IV JK0\/1_,MODUS \/ GRAND MODUS F\/JP0_,LAGUNA II Grandtour KG0\/1_,MEGANE II Kombi KM0\/1_,SC\u00c9NIC I JA0\/1_,MEGANE II Coup\u00e9-Cabriolet EM0\/1_,SC\u00c9NIC III JZ0\/1_,ESPACE III JE0_,LAGUNA III Grandtour KT0\/1,MEGANE Scenic JA0\/1_,CLIO IV,MEGANE III Schr\u00e4gheck BZ0_,LAGUNA II BG0\/1_,MEGANE II BM0\/1_, CM0\/1_,TRAFIC II Bus JL,GRAND SC\u00c9NIC III JZ0\/1_,MEGANE I BA0\/1_,MASTER II Kasten FD,TRAFIC II Kasten FL,MEGANE III Coupe DZ0\/1_,KANGOO \/ GRAND KANGOO KW0\/1_,KANGOO Express FC0\/1_,CLIO Grandtour KR0\/1_,GRAND SC\u00c9NIC II JM0\/1_,MEGANE I Grandtour KA0\/1_,LAGUNA I B56_, 556_,CAPTUR,LAGUNA I Grandtour K56_,LAGUNA III BT0\/1,KANGOO Express FW0\/1_,MEGANE II Stufenheck LM0\/1_,MEGANE I Classic LA0\/1_,MEGANE I Coach DA0\/1_,KANGOO BE BOP KW0\/1_,MEGANE CC EZ0\/1_,MASTER II Bus JD,CLIO II Kasten SB0\/1\/2_,LAGUNA Coupe DT0\/1,RAPID Kasten F40_, G40_,FLUENCE L30_,AVANT; VAUXHALL: VIVARO Kasten F7,VIVARO Pritsche\/Fahrgestell E7,VIVARO Combi J7; 8200768927, 8200867980, 8671017369, 1520800Q0D, 1520800Q0G, 1520800QAF, 15208AW300, 8200768927, 04415442, 04434962, 4415442, 4434962, 8200274858, 8200292649, 8200768927, 8200867980, 8671017369, 2811800310, A2811800310, 1651067JG0, 1651084A11, 1651084CT0, 1651084CT02ND, 093181255, 093198441, 93181255, 93198441<\/p>\n","protected":false},"excerpt":{"rendered":"<p>BLUE PRINT \u00d6ljynsuodatin ADN12121  NISSAN,SUZUKI,OPEL,QASHQAI \/ QASHQAI +2 J10, JJ10,NOTE E11,JUKE F15,MICRA IV K13,PRIMERA Kombi WP12,PRIMERA P12<\/p>\n","protected":false},"featured_media":0,"template":"","meta":{"site-sidebar-layout":"default","site-content-layout":"default","ast-global-header-display":"","ast-main-header-display":"","ast-hfb-above-header-display":"","ast-hfb-below-header-display":"","ast-hfb-mobile-header-display":"","site-post-title":"","ast-breadcrumbs-content":"","ast-featured-img":"","footer-sml-layout":"","theme-transparent-header-meta":"","adv-header-id-meta":"","stick-header-meta":"","header-above-stick-meta":"","header-main-stick-meta":"","header-below-stick-meta":""},"pwb-brand":[533],"product_cat":[30],"product_tag":[],"class_list":{"0":"post-99772","1":"product","2":"type-product","3":"status-publish","5":"pwb-brand-blue-print","6":"product_cat-oljynsuodatin","7":"desktop-align-left","8":"tablet-align-left","9":"mobile-align-left","11":"first","12":"instock","13":"product-type-external"},"brands":[{"id":533,"name":"Blue Print","slug":"blue-print"}],"_links":{"self":[{"href":"https:\/\/www.autonvaraosahaku.fi\/index.php?rest_route=\/wp\/v2\/product\/99772","targetHints":{"allow":["GET"]}}],"collection":[{"href":"https:\/\/www.autonvaraosahaku.fi\/index.php?rest_route=\/wp\/v2\/product"}],"about":[{"href":"https:\/\/www.autonvaraosahaku.fi\/index.php?rest_route=\/wp\/v2\/types\/product"}],"wp:attachment":[{"href":"https:\/\/www.autonvaraosahaku.fi\/index.php?rest_route=%2Fwp%2Fv2%2Fmedia&parent=99772"}],"wp:term":[{"taxonomy":"pwb-brand","embeddable":true,"href":"https:\/\/www.autonvaraosahaku.fi\/index.php?rest_route=%2Fwp%2Fv2%2Fpwb-brand&post=99772"},{"taxonomy":"product_cat","embeddable":true,"href":"https:\/\/www.autonvaraosahaku.fi\/index.php?rest_route=%2Fwp%2Fv2%2Fproduct_cat&post=99772"},{"taxonomy":"product_tag","embeddable":true,"href":"https:\/\/www.autonvaraosahaku.fi\/index.php?rest_route=%2Fwp%2Fv2%2Fproduct_tag&post=99772"}],"curies":[{"name":"wp","href":"https:\/\/api.w.org\/{rel}","templated":true}]}}