{"id":99784,"date":"2021-02-21T22:30:34","date_gmt":"2021-02-21T22:30:34","guid":{"rendered":"https:\/\/www.autonvaraosahaku.fi\/?product=blue-print-adg02109-oljynsuodatin"},"modified":"2021-02-21T22:30:40","modified_gmt":"2021-02-21T22:30:40","slug":"blue-print-adg02109-oljynsuodatin","status":"publish","type":"product","link":"https:\/\/www.autonvaraosahaku.fi\/?product=blue-print-adg02109-oljynsuodatin","title":{"rendered":"Blue Print ADG02109 \u00d6ljynsuodatin"},"content":{"rendered":"<p>Suodatintyyppi: Ruuvattava suodatin, Ruuvattava suodatin; Korkeus (mm): 77; Ulkol\u00e4pimitta [mm]: 70,0; Sis\u00e4kierre (mm): M20 x 1,5; Tiivisteen l\u00e4pimitta [mm]: 64; Paino [kg]: 0,223; Huomioi tekniset tiedot: ; HYUNDAI: GETZ TB,i10 PA,i20 PB, PBT,i30 GD,i30 CW GD,ATOS MX,i30 Coupe,ACCENT IV RB,i20 GB,ELANTRA Stufenheck HD,ACCENT IV Stufenheck RB,i30 PDE,i30 Kombi PDE,i20 ACTIVE GB,i20 Coupe,KONA OS,i30 FASTBACK PDE,ELANTRA Stufenheck AD; KIA: PICANTO BA,CARENS II FJ,RIO III UB,RIO II JB,CEE&#8217;D JD,PICANTO TA,CEE`D Sportswagon JD,RIO Kombi DC,PRO CEE\u00b4D JD,RIO II Stufenheck JB,RIO Stufenheck DC_,SHUMA II FB,CARENS I FC,RIO III Stufenheck UB,PRIDE DA,CLARUS K9A,CLARUS Kombi GC,SEPHIA Stufenheck FA,SEPHIA FA,PRIDE Kombi,PRIDE Van DA,RIO IV YB,CEE&#8217;D Combi Van JD,PICANTO JA,STONIC YB,RIO IV Stufenheck SC, FB; 2630002500, 2630002501, 2630002502, 2630002503, 2630003000, 2630003001, 263002Y500, S2630002500, 0B63114302, 2630002500, 2630002501, 2630002502, 2630002503, 2630003000, 2630003001, 263002Y500, KK12014302, KKY0114302, KKY0114302A, oB63114302<\/p>\n","protected":false},"excerpt":{"rendered":"<p>BLUE PRINT \u00d6ljynsuodatin ADG02109  HYUNDAI,KIA,GETZ TB,i10 PA,i20 PB, PBT,i30 GD,i30 CW GD,ATOS MX,i30 Coupe,ACCENT IV RB,i20 GB,ELANTRA Stufenheck HD<\/p>\n","protected":false},"featured_media":0,"template":"","meta":{"site-sidebar-layout":"default","site-content-layout":"default","ast-global-header-display":"","ast-main-header-display":"","ast-hfb-above-header-display":"","ast-hfb-below-header-display":"","ast-hfb-mobile-header-display":"","site-post-title":"","ast-breadcrumbs-content":"","ast-featured-img":"","footer-sml-layout":"","theme-transparent-header-meta":"","adv-header-id-meta":"","stick-header-meta":"","header-above-stick-meta":"","header-main-stick-meta":"","header-below-stick-meta":""},"pwb-brand":[533],"product_cat":[30],"product_tag":[],"class_list":{"0":"post-99784","1":"product","2":"type-product","3":"status-publish","5":"pwb-brand-blue-print","6":"product_cat-oljynsuodatin","7":"desktop-align-left","8":"tablet-align-left","9":"mobile-align-left","11":"first","12":"instock","13":"product-type-external"},"brands":[{"id":533,"name":"Blue Print","slug":"blue-print"}],"_links":{"self":[{"href":"https:\/\/www.autonvaraosahaku.fi\/index.php?rest_route=\/wp\/v2\/product\/99784","targetHints":{"allow":["GET"]}}],"collection":[{"href":"https:\/\/www.autonvaraosahaku.fi\/index.php?rest_route=\/wp\/v2\/product"}],"about":[{"href":"https:\/\/www.autonvaraosahaku.fi\/index.php?rest_route=\/wp\/v2\/types\/product"}],"wp:attachment":[{"href":"https:\/\/www.autonvaraosahaku.fi\/index.php?rest_route=%2Fwp%2Fv2%2Fmedia&parent=99784"}],"wp:term":[{"taxonomy":"pwb-brand","embeddable":true,"href":"https:\/\/www.autonvaraosahaku.fi\/index.php?rest_route=%2Fwp%2Fv2%2Fpwb-brand&post=99784"},{"taxonomy":"product_cat","embeddable":true,"href":"https:\/\/www.autonvaraosahaku.fi\/index.php?rest_route=%2Fwp%2Fv2%2Fproduct_cat&post=99784"},{"taxonomy":"product_tag","embeddable":true,"href":"https:\/\/www.autonvaraosahaku.fi\/index.php?rest_route=%2Fwp%2Fv2%2Fproduct_tag&post=99784"}],"curies":[{"name":"wp","href":"https:\/\/api.w.org\/{rel}","templated":true}]}}