{"id":9979,"date":"2021-02-21T14:07:30","date_gmt":"2021-02-21T14:07:30","guid":{"rendered":"https:\/\/www.autonvaraosahaku.fi\/?product=original-imperium-29054-vetonivelen-suojakumi"},"modified":"2021-02-21T14:07:30","modified_gmt":"2021-02-21T14:07:30","slug":"original-imperium-29054-vetonivelen-suojakumi","status":"publish","type":"product","link":"https:\/\/www.autonvaraosahaku.fi\/?product=original-imperium-29054-vetonivelen-suojakumi","title":{"rendered":"ORIGINAL IMPERIUM 29054 Vetonivelen suojakumi"},"content":{"rendered":"<p>Korkeus (mm): 124; Materiaali: Kumi; Paino [g]: 98; Asennuspuoli: Py\u00f6r\u00e4n puoli; L\u00e4pimitta 1 [mm]: 24,9; L\u00e4pimitta 2 [mm]: 82; MAZDA: TRIBUTE EP; BMW: 3 E90,X3 E83; NISSAN: JUKE F15,PRIMERA Kombi WP12,PRIMERA P12,PRIMERA Hatchback P12; VOLVO: V50 MW,S40 II MS; ROVER: 75 RJ,75 Tourer RJ; OPEL: CORSA C F08, F68,ZAFIRA B A05,ASTRA H Caravan L35,MERIVA,ZAFIRA A F75_,ASTRA G CC F48_, F08_,ASTRA H L48,ASTRA G Caravan F35_,VECTRA C Caravan,ASTRA H GTC L08,VECTRA C,ASTRA H TwinTop L67,ASTRA G Coupe F07_,COMBO Tour; LANCIA: YPSILON 843,MUSA 350; FORD: FOCUS DAW, DBW,TRANSIT CONNECT P65_, P70_, P80_,TOURNEO CONNECT; TOYOTA: AVENSIS Kombi T25,AVENSIS Stufenheck T25; FIAT: GRANDE PUNTO 199,PUNTO 188,STILO 192,PUNTO EVO 199,DOBLO Cargo 223,STILO Multi Wagon 192,DOBLO 119,IDEA,STRADA Pick-up 178E,PUNTO Van 199; 46307716, 46308662, 59259041, GDG162, GDG164, 46307716, 46308662, 59259041, 2M5V4A084AA, 4371803, 4511120, 46307716, 46308662, 59259041, GG0322530, GG0322530A, MR911162, 39241AV326, 39241AW326, C9B41AV315, 0374434, 1603259, 1603277, 374434, 93182542, 7701209928, GDG162, GDG164, TDR100950, 0443805121, 0443805190; Vetoakselin Suojakumi,Paljekumi, Vetoakseli<\/p>\n","protected":false},"excerpt":{"rendered":"<p>ORIGINAL IMPERIUM Vetonivelen Suojakumi 29054 Vetoakselin Suojakumi,Paljekumi, Vetoakseli MAZDA,BMW,NISSAN,TRIBUTE EP,3 E90,X3 E83,JUKE F15<\/p>\n","protected":false},"featured_media":0,"template":"","meta":{"site-sidebar-layout":"default","site-content-layout":"default","ast-global-header-display":"","ast-main-header-display":"","ast-hfb-above-header-display":"","ast-hfb-below-header-display":"","ast-hfb-mobile-header-display":"","site-post-title":"","ast-breadcrumbs-content":"","ast-featured-img":"","footer-sml-layout":"","theme-transparent-header-meta":"","adv-header-id-meta":"","stick-header-meta":"","header-above-stick-meta":"","header-main-stick-meta":"","header-below-stick-meta":""},"pwb-brand":[72],"product_cat":[42],"product_tag":[],"class_list":{"0":"post-9979","1":"product","2":"type-product","3":"status-publish","5":"pwb-brand-original-imperium","6":"product_cat-vetonivelen-suojakumi","7":"desktop-align-left","8":"tablet-align-left","9":"mobile-align-left","11":"first","12":"instock","13":"product-type-external"},"brands":[{"id":72,"name":"ORIGINAL IMPERIUM","slug":"original-imperium"}],"_links":{"self":[{"href":"https:\/\/www.autonvaraosahaku.fi\/index.php?rest_route=\/wp\/v2\/product\/9979","targetHints":{"allow":["GET"]}}],"collection":[{"href":"https:\/\/www.autonvaraosahaku.fi\/index.php?rest_route=\/wp\/v2\/product"}],"about":[{"href":"https:\/\/www.autonvaraosahaku.fi\/index.php?rest_route=\/wp\/v2\/types\/product"}],"wp:attachment":[{"href":"https:\/\/www.autonvaraosahaku.fi\/index.php?rest_route=%2Fwp%2Fv2%2Fmedia&parent=9979"}],"wp:term":[{"taxonomy":"pwb-brand","embeddable":true,"href":"https:\/\/www.autonvaraosahaku.fi\/index.php?rest_route=%2Fwp%2Fv2%2Fpwb-brand&post=9979"},{"taxonomy":"product_cat","embeddable":true,"href":"https:\/\/www.autonvaraosahaku.fi\/index.php?rest_route=%2Fwp%2Fv2%2Fproduct_cat&post=9979"},{"taxonomy":"product_tag","embeddable":true,"href":"https:\/\/www.autonvaraosahaku.fi\/index.php?rest_route=%2Fwp%2Fv2%2Fproduct_tag&post=9979"}],"curies":[{"name":"wp","href":"https:\/\/api.w.org\/{rel}","templated":true}]}}