{"id":99795,"date":"2021-02-21T22:30:43","date_gmt":"2021-02-21T22:30:43","guid":{"rendered":"https:\/\/www.autonvaraosahaku.fi\/?product=blue-print-adh22114-oljynsuodatin"},"modified":"2021-02-21T22:30:46","modified_gmt":"2021-02-21T22:30:46","slug":"blue-print-adh22114-oljynsuodatin","status":"publish","type":"product","link":"https:\/\/www.autonvaraosahaku.fi\/?product=blue-print-adh22114-oljynsuodatin","title":{"rendered":"Blue Print ADH22114 \u00d6ljynsuodatin"},"content":{"rendered":"<p>Suodatintyyppi: Ruuvattava suodatin, Ruuvattava suodatin; Korkeus (mm): 86,5; Ulkol\u00e4pimitta [mm]: 69,0; Sis\u00e4kierre (mm): M20 x 1,5; Tiivisteen l\u00e4pimitta [mm]: 62,5; Paino [kg]: 0,250; Huomioi tekniset tiedot: ; HONDA: CIVIC VIII Hatchback FN, FK,JAZZ II GD,CR-V III RE,CIVIC VII Hatchback EU, EP, EV,JAZZ III GE,CR-V II RD_,ACCORD VII CL,FR-V BE,CR-V IV RE,ACCORD VIII CU,ACCORD VII Tourer CM,ACCORD VI CG, CK,CIVIC IX FK,ACCORD VIII Kombi,LOGO GA3,STREAM RN,CR-V I RD,HR-V GH,CIVIC VII Coupe EM2,ACCORD VI Hatchback CH,CIVIC VIII Stufenheck FD, FA,ACCORD VI Coupe CG,JAZZ Stufenheck,INSIGHT ZE_,CR-Z ZF1,INTEGRA Coupe DC2, DC4,CIVIC VII Stufenheck ES,ACCORD IV CB,CIVIC Coupe VIII FG,CIVIC IX Stufenheck FB, FG,ODYSSEY RL3, RL4 US,LEGEND IV KB_,STREAM,ACCORD VII CM,ODYSSEY RB_,INTEGRA DC5,CIVIC IX Tourer FK,ACCORD VII CP,CITY Stufenheck GD8\/GD9,CITY Stufenheck GM,HR-V RU,CIVIC X Schr\u00e4gheck FC_, FK,ACCORD Coupe CM,STEPWGN RG,JAZZ IV GK,AIRWAVE,CIVIC X Stufenheck FC_,CIVIC X Coupe,ACCORD IX Stufenheck,CROSSTOUR; 15400P0H004, 15400P0H305, 15400P3RT01, 15400PC6405, 15400PH1014, 15400PH3003, 15400PH3004, 15400PH4K02, 15400PLC003, 15400PLC004, 15400PLMA01, 15400PLMA02, 15400PMET01, 15400PR3305, 15400PR3315, 15400PR3406, 15400PT1K02, 15400PT7004, 15400R5GH01, 15400RAFT01, 15400RBAF01, 15400RK9F01, 15400RTA003, 15400RTA004, 1230A152<\/p>\n","protected":false},"excerpt":{"rendered":"<p>BLUE PRINT \u00d6ljynsuodatin ADH22114  HONDA,CIVIC VIII Hatchback FN, FK,JAZZ II GD,CR-V III RE,CIVIC VII Hatchback EU, EP, EV,JAZZ III GE,CR-V II RD_<\/p>\n","protected":false},"featured_media":0,"template":"","meta":{"site-sidebar-layout":"default","site-content-layout":"default","ast-global-header-display":"","ast-main-header-display":"","ast-hfb-above-header-display":"","ast-hfb-below-header-display":"","ast-hfb-mobile-header-display":"","site-post-title":"","ast-breadcrumbs-content":"","ast-featured-img":"","footer-sml-layout":"","theme-transparent-header-meta":"","adv-header-id-meta":"","stick-header-meta":"","header-above-stick-meta":"","header-main-stick-meta":"","header-below-stick-meta":""},"pwb-brand":[533],"product_cat":[30],"product_tag":[],"class_list":{"0":"post-99795","1":"product","2":"type-product","3":"status-publish","5":"pwb-brand-blue-print","6":"product_cat-oljynsuodatin","7":"desktop-align-left","8":"tablet-align-left","9":"mobile-align-left","11":"first","12":"instock","13":"product-type-external"},"brands":[{"id":533,"name":"Blue Print","slug":"blue-print"}],"_links":{"self":[{"href":"https:\/\/www.autonvaraosahaku.fi\/index.php?rest_route=\/wp\/v2\/product\/99795","targetHints":{"allow":["GET"]}}],"collection":[{"href":"https:\/\/www.autonvaraosahaku.fi\/index.php?rest_route=\/wp\/v2\/product"}],"about":[{"href":"https:\/\/www.autonvaraosahaku.fi\/index.php?rest_route=\/wp\/v2\/types\/product"}],"wp:attachment":[{"href":"https:\/\/www.autonvaraosahaku.fi\/index.php?rest_route=%2Fwp%2Fv2%2Fmedia&parent=99795"}],"wp:term":[{"taxonomy":"pwb-brand","embeddable":true,"href":"https:\/\/www.autonvaraosahaku.fi\/index.php?rest_route=%2Fwp%2Fv2%2Fpwb-brand&post=99795"},{"taxonomy":"product_cat","embeddable":true,"href":"https:\/\/www.autonvaraosahaku.fi\/index.php?rest_route=%2Fwp%2Fv2%2Fproduct_cat&post=99795"},{"taxonomy":"product_tag","embeddable":true,"href":"https:\/\/www.autonvaraosahaku.fi\/index.php?rest_route=%2Fwp%2Fv2%2Fproduct_tag&post=99795"}],"curies":[{"name":"wp","href":"https:\/\/api.w.org\/{rel}","templated":true}]}}