{"id":99818,"date":"2021-02-21T22:30:52","date_gmt":"2021-02-21T22:30:52","guid":{"rendered":"https:\/\/www.autonvaraosahaku.fi\/?product=blue-print-adz92302-polttoainesuodatin"},"modified":"2021-02-21T22:30:55","modified_gmt":"2021-02-21T22:30:55","slug":"blue-print-adz92302-polttoainesuodatin","status":"publish","type":"product","link":"https:\/\/www.autonvaraosahaku.fi\/?product=blue-print-adz92302-polttoainesuodatin","title":{"rendered":"Blue Print ADZ92302 Polttoainesuodatin"},"content":{"rendered":"<p>Suodatintyyppi: Ruuvattava suodatin, vedenerottimella, vedenerottimella; Korkeus (mm): 150; Ulkol\u00e4pimitta [mm]: 85,0; Sis\u00e4kierre (mm): M16 x 1,5; Tiivisteen l\u00e4pimitta [mm]: 69; Paino [kg]: 0,436; Huomioi tekniset tiedot: ; JEEP: COMPASS MK49,PATRIOT MK74; HYUNDAI: SANTA F\u00c9 I SM,TRAJET FO,ELANTRA XD,ELANTRA Stufenheck XD; DAIHATSU: HIJET Kasten S85,HIJET Pick-up _U60; OPEL: OMEGA A 16_, 17_, 19_,CORSA B 73_, 78_, 79_,VECTRA B 36_,ASTRA F CC 53_, 54_, 58_, 59_,OMEGA B Caravan 21_, 22_, 23_,OMEGA B 25_, 26_, 27_,VECTRA B Caravan 31_,ASTRA F Caravan 51_, 52_,VECTRA B CC 38_,VECTRA A 86_, 87_,ASTRA F 56_, 57_,KADETT E CC 33_, 34_, 43_, 44_,FRONTERA A Sport 5_SUD2,CORSA A CC 93_, 94_, 98_, 99_,FRONTERA A 5_MWL4,VECTRA A CC 88_, 89_,COMBO 71_,OMEGA A Caravan 66_, 67_,KADETT E 39_, 49_,CORSA B Kasten 73_,KADETT E Caravan 35_, 36_, 45_, 46_,CORSA B Kombi F35,ASTRA F Van 55_; CHRYSLER: GRAND VOYAGER V RT; LANCIA: VOYAGER Gro\u00dfraumlimousine RT; FIAT: FREEMONT JF_,DUCATO Pritsche\/Fahrgestell 230,DUCATO Bus 230,DUCATO Kasten 230L,PANDA 141A_,MAREA Weekend 185,MAREA 185,TEMPRA 159,TEMPRA S.W. 159,PALIO 178BX; RENAULT: ESPACE II J\/S63_,TRAFIC Kasten TXX,ESPACE I J11_,MASTER I Pritsche\/Fahrgestell P__,TRAFIC Pritsche\/Fahrgestell PXX; RENAULT TRUCKS: MASCOTT Pritsche\/Fahrgestell,MASCOTT Kasten\/Kombi; PIAGGIO: PORTER Pritsche\/Fahrgestell,PORTER Kasten; 68057228AA, 4932900000, 68057228AA, 1902138, 6001073286, 71771642, 71771749, K68057228AA, 319112D450, 3192226900, 3192226901, 3192226920, S3192226900, 001902138, 001908556, 01902138, 01908556, 1902138, 1908556, 68057228AA, K68057228AA, AEU2147L, 00813041, 00813565, 0813041, 0813565, 813041, 813565, 493290, 5001850947, 7485129890, 1000080722, 100080043, 1500080043, 407080074, 407080076, 4070874, 98439682, 090016800, 090486908, 093183042, 90016800, 90486908, 93183042<\/p>\n","protected":false},"excerpt":{"rendered":"<p>BLUE PRINT Polttoainesuodatin ADZ92302  JEEP,HYUNDAI,DAIHATSU,COMPASS MK49,PATRIOT MK74,SANTA F\u00c9 I SM,TRAJET FO,ELANTRA XD,ELANTRA Stufenheck XD<\/p>\n","protected":false},"featured_media":0,"template":"","meta":{"site-sidebar-layout":"default","site-content-layout":"default","ast-global-header-display":"","ast-main-header-display":"","ast-hfb-above-header-display":"","ast-hfb-below-header-display":"","ast-hfb-mobile-header-display":"","site-post-title":"","ast-breadcrumbs-content":"","ast-featured-img":"","footer-sml-layout":"","theme-transparent-header-meta":"","adv-header-id-meta":"","stick-header-meta":"","header-above-stick-meta":"","header-main-stick-meta":"","header-below-stick-meta":""},"pwb-brand":[533],"product_cat":[29],"product_tag":[],"class_list":{"0":"post-99818","1":"product","2":"type-product","3":"status-publish","5":"pwb-brand-blue-print","6":"product_cat-polttoainesuodatin","7":"desktop-align-left","8":"tablet-align-left","9":"mobile-align-left","11":"first","12":"instock","13":"product-type-external"},"brands":[{"id":533,"name":"Blue Print","slug":"blue-print"}],"_links":{"self":[{"href":"https:\/\/www.autonvaraosahaku.fi\/index.php?rest_route=\/wp\/v2\/product\/99818","targetHints":{"allow":["GET"]}}],"collection":[{"href":"https:\/\/www.autonvaraosahaku.fi\/index.php?rest_route=\/wp\/v2\/product"}],"about":[{"href":"https:\/\/www.autonvaraosahaku.fi\/index.php?rest_route=\/wp\/v2\/types\/product"}],"wp:attachment":[{"href":"https:\/\/www.autonvaraosahaku.fi\/index.php?rest_route=%2Fwp%2Fv2%2Fmedia&parent=99818"}],"wp:term":[{"taxonomy":"pwb-brand","embeddable":true,"href":"https:\/\/www.autonvaraosahaku.fi\/index.php?rest_route=%2Fwp%2Fv2%2Fpwb-brand&post=99818"},{"taxonomy":"product_cat","embeddable":true,"href":"https:\/\/www.autonvaraosahaku.fi\/index.php?rest_route=%2Fwp%2Fv2%2Fproduct_cat&post=99818"},{"taxonomy":"product_tag","embeddable":true,"href":"https:\/\/www.autonvaraosahaku.fi\/index.php?rest_route=%2Fwp%2Fv2%2Fproduct_tag&post=99818"}],"curies":[{"name":"wp","href":"https:\/\/api.w.org\/{rel}","templated":true}]}}