{"id":99820,"date":"2021-02-21T22:30:52","date_gmt":"2021-02-21T22:30:52","guid":{"rendered":"https:\/\/www.autonvaraosahaku.fi\/?product=blue-print-adg02124-oljynsuodatin"},"modified":"2021-02-21T22:30:56","modified_gmt":"2021-02-21T22:30:56","slug":"blue-print-adg02124-oljynsuodatin","status":"publish","type":"product","link":"https:\/\/www.autonvaraosahaku.fi\/?product=blue-print-adg02124-oljynsuodatin","title":{"rendered":"Blue Print ADG02124 \u00d6ljynsuodatin"},"content":{"rendered":"<p>Suodatintyyppi: Suodatinpanos, Suodatinpanos; Sis\u00e4l\u00e4pimitta [mm]: 22,0; Korkeus (mm): 83,5; Ulkol\u00e4pimitta [mm]: 72,2; Tiivisteen l\u00e4pimitta [mm]: 78,5; Paino [kg]: 0,046, 0,046; Huomioi tekniset tiedot: ; FIAT: 500X,TIPO Schr\u00e4gheck 356_,TIPO Kombi 356_,TIPO Stufenheck 356_; MINI: MINI R56,MINI R50, R53,MINI Cabriolet R52; JEEP: RENEGADE Gel\u00e4ndewagen geschlossen BU; CHRYSLER: PT CRUISER PT_,NEON II; 11420026787, 11427512446, 04693353AA, 04693353AB, 05015901AA, 05139034AA, 11427512446, 4693353AA, 4693353AB, 5015901AA, 5139034AA, 68140009AA, 68140009AASK1, 68140009AA, 7087808, 7087808, 11420026787, 11427512446<\/p>\n","protected":false},"excerpt":{"rendered":"<p>BLUE PRINT \u00d6ljynsuodatin ADG02124  FIAT,MINI,JEEP,500X,TIPO Schr\u00e4gheck 356_,TIPO Kombi 356_,TIPO Stufenheck 356_,MINI R56,MINI R50, R53<\/p>\n","protected":false},"featured_media":0,"template":"","meta":{"site-sidebar-layout":"default","site-content-layout":"default","ast-global-header-display":"","ast-main-header-display":"","ast-hfb-above-header-display":"","ast-hfb-below-header-display":"","ast-hfb-mobile-header-display":"","site-post-title":"","ast-breadcrumbs-content":"","ast-featured-img":"","footer-sml-layout":"","theme-transparent-header-meta":"","adv-header-id-meta":"","stick-header-meta":"","header-above-stick-meta":"","header-main-stick-meta":"","header-below-stick-meta":""},"pwb-brand":[533],"product_cat":[30],"product_tag":[],"class_list":{"0":"post-99820","1":"product","2":"type-product","3":"status-publish","5":"pwb-brand-blue-print","6":"product_cat-oljynsuodatin","7":"desktop-align-left","8":"tablet-align-left","9":"mobile-align-left","11":"first","12":"instock","13":"product-type-external"},"brands":[{"id":533,"name":"Blue Print","slug":"blue-print"}],"_links":{"self":[{"href":"https:\/\/www.autonvaraosahaku.fi\/index.php?rest_route=\/wp\/v2\/product\/99820","targetHints":{"allow":["GET"]}}],"collection":[{"href":"https:\/\/www.autonvaraosahaku.fi\/index.php?rest_route=\/wp\/v2\/product"}],"about":[{"href":"https:\/\/www.autonvaraosahaku.fi\/index.php?rest_route=\/wp\/v2\/types\/product"}],"wp:attachment":[{"href":"https:\/\/www.autonvaraosahaku.fi\/index.php?rest_route=%2Fwp%2Fv2%2Fmedia&parent=99820"}],"wp:term":[{"taxonomy":"pwb-brand","embeddable":true,"href":"https:\/\/www.autonvaraosahaku.fi\/index.php?rest_route=%2Fwp%2Fv2%2Fpwb-brand&post=99820"},{"taxonomy":"product_cat","embeddable":true,"href":"https:\/\/www.autonvaraosahaku.fi\/index.php?rest_route=%2Fwp%2Fv2%2Fproduct_cat&post=99820"},{"taxonomy":"product_tag","embeddable":true,"href":"https:\/\/www.autonvaraosahaku.fi\/index.php?rest_route=%2Fwp%2Fv2%2Fproduct_tag&post=99820"}],"curies":[{"name":"wp","href":"https:\/\/api.w.org\/{rel}","templated":true}]}}