{"id":99824,"date":"2021-02-21T22:30:52","date_gmt":"2021-02-21T22:30:52","guid":{"rendered":"https:\/\/www.autonvaraosahaku.fi\/?product=blue-print-adm58151-vetonivelen-suojakumi"},"modified":"2021-02-21T22:30:57","modified_gmt":"2021-02-21T22:30:57","slug":"blue-print-adm58151-vetonivelen-suojakumi","status":"publish","type":"product","link":"https:\/\/www.autonvaraosahaku.fi\/?product=blue-print-adm58151-vetonivelen-suojakumi","title":{"rendered":"Blue Print ADM58151 Vetonivelen suojakumi"},"content":{"rendered":"<p>Pituus (mm): 85; Sis\u00e4l\u00e4pimitta [mm]: 27,0, 83,0; Materiaali: Kumi; Paino [kg]: 0,250; Sis\u00e4l\u00e4pimitta 1 [mm]: 25; Sis\u00e4l\u00e4pimitta 2 [mm]: 81, 81; Asennuspuoli: getriebeseitig; MAZDA: 626 II GC,626 II Hatchback GC,626 II Coupe GC; TOYOTA: CELICA Coupe _A6_,CELICA Coupe ST16_, AT16_,CELICA Cabriolet ST16_, AT16_,CELICA AT16_, ST16_; MITSUBISHI: PAJERO III V7_W, V6_W,L 200 K7_T, K6_T,L 200 KB_T, KA_T,PAJERO II V3_W, V2_W, V4_W,PAJERO SPORT K90,PAJERO I L04_G, L14_G,PAJERO CLASSIC V2_W,PAJERO II V3_W,L 200 Pritsche\/Fahrgestell KA_T, KB_T,PAJERO III Gel\u00e4ndewagen offen V6_W, V7_W,L 300 Kasten P0_W, P1_W,PAJERO I Canvas Top L04_G,L 200 K3_T, K2_T, K1_T, K0_T,PAJERO II Canvas Top V2_W, V4_W,L 400 Kasten PD_W, PC_W, PB_V, PA_W, PA_V,PAJERO SPORT II KH_, KG_,SPACE WAGON D0_V\/W,DELICA,L200 KJ_; G00222540, 3817A311, MB160658, MB526276, MB886676, MR528709, 0443832040<\/p>\n","protected":false},"excerpt":{"rendered":"<p>BLUE PRINT Paljekumisarja, Vetoakseli ADM58151  MAZDA,TOYOTA,MITSUBISHI,626 II GC,626 II Hatchback GC,626 II Coupe GC,CELICA Coupe _A6_<\/p>\n","protected":false},"featured_media":0,"template":"","meta":{"site-sidebar-layout":"default","site-content-layout":"default","ast-global-header-display":"","ast-main-header-display":"","ast-hfb-above-header-display":"","ast-hfb-below-header-display":"","ast-hfb-mobile-header-display":"","site-post-title":"","ast-breadcrumbs-content":"","ast-featured-img":"","footer-sml-layout":"","theme-transparent-header-meta":"","adv-header-id-meta":"","stick-header-meta":"","header-above-stick-meta":"","header-main-stick-meta":"","header-below-stick-meta":""},"pwb-brand":[533],"product_cat":[42],"product_tag":[],"class_list":{"0":"post-99824","1":"product","2":"type-product","3":"status-publish","5":"pwb-brand-blue-print","6":"product_cat-vetonivelen-suojakumi","7":"desktop-align-left","8":"tablet-align-left","9":"mobile-align-left","11":"first","12":"instock","13":"product-type-external"},"brands":[{"id":533,"name":"Blue Print","slug":"blue-print"}],"_links":{"self":[{"href":"https:\/\/www.autonvaraosahaku.fi\/index.php?rest_route=\/wp\/v2\/product\/99824","targetHints":{"allow":["GET"]}}],"collection":[{"href":"https:\/\/www.autonvaraosahaku.fi\/index.php?rest_route=\/wp\/v2\/product"}],"about":[{"href":"https:\/\/www.autonvaraosahaku.fi\/index.php?rest_route=\/wp\/v2\/types\/product"}],"wp:attachment":[{"href":"https:\/\/www.autonvaraosahaku.fi\/index.php?rest_route=%2Fwp%2Fv2%2Fmedia&parent=99824"}],"wp:term":[{"taxonomy":"pwb-brand","embeddable":true,"href":"https:\/\/www.autonvaraosahaku.fi\/index.php?rest_route=%2Fwp%2Fv2%2Fpwb-brand&post=99824"},{"taxonomy":"product_cat","embeddable":true,"href":"https:\/\/www.autonvaraosahaku.fi\/index.php?rest_route=%2Fwp%2Fv2%2Fproduct_cat&post=99824"},{"taxonomy":"product_tag","embeddable":true,"href":"https:\/\/www.autonvaraosahaku.fi\/index.php?rest_route=%2Fwp%2Fv2%2Fproduct_tag&post=99824"}],"curies":[{"name":"wp","href":"https:\/\/api.w.org\/{rel}","templated":true}]}}