{"id":99833,"date":"2021-02-21T22:31:00","date_gmt":"2021-02-21T22:31:00","guid":{"rendered":"https:\/\/www.autonvaraosahaku.fi\/?product=blue-print-ads78157-vetonivelen-suojakumi"},"modified":"2021-02-21T22:31:02","modified_gmt":"2021-02-21T22:31:02","slug":"blue-print-ads78157-vetonivelen-suojakumi","status":"publish","type":"product","link":"https:\/\/www.autonvaraosahaku.fi\/?product=blue-print-ads78157-vetonivelen-suojakumi","title":{"rendered":"Blue Print ADS78157 Vetonivelen suojakumi"},"content":{"rendered":"<p>Pituus (mm): 94; Materiaali: Kumi; Asennuspuoli: Vaihteiston puoli, Etuakseli; Paino [kg]: 0,282; Sis\u00e4l\u00e4pimitta 1 [mm]: 20,5; Sis\u00e4l\u00e4pimitta 2 [mm]: 66,5, 66,5; Valmistusvuosi alkaen: 08\/2003; SUBARU: IMPREZA Stufenheck GD,LEGACY IV Station Wagon BL, BP, B13_,OUTBACK BL, BP,IMPREZA Station Wagon GG,LEGACY IV BL, BP,IMPREZA Stufenheck GR; 28323AG010<\/p>\n","protected":false},"excerpt":{"rendered":"<p>BLUE PRINT Paljekumisarja, Vetoakseli ADS78157  SUBARU,IMPREZA Stufenheck GD,LEGACY IV Station Wagon BL, BP, B13_,OUTBACK BL, BP<\/p>\n","protected":false},"featured_media":0,"template":"","meta":{"site-sidebar-layout":"default","site-content-layout":"default","ast-global-header-display":"","ast-main-header-display":"","ast-hfb-above-header-display":"","ast-hfb-below-header-display":"","ast-hfb-mobile-header-display":"","site-post-title":"","ast-breadcrumbs-content":"","ast-featured-img":"","footer-sml-layout":"","theme-transparent-header-meta":"","adv-header-id-meta":"","stick-header-meta":"","header-above-stick-meta":"","header-main-stick-meta":"","header-below-stick-meta":""},"pwb-brand":[533],"product_cat":[42],"product_tag":[],"class_list":{"0":"post-99833","1":"product","2":"type-product","3":"status-publish","5":"pwb-brand-blue-print","6":"product_cat-vetonivelen-suojakumi","7":"desktop-align-left","8":"tablet-align-left","9":"mobile-align-left","11":"first","12":"instock","13":"product-type-external"},"brands":[{"id":533,"name":"Blue Print","slug":"blue-print"}],"_links":{"self":[{"href":"https:\/\/www.autonvaraosahaku.fi\/index.php?rest_route=\/wp\/v2\/product\/99833","targetHints":{"allow":["GET"]}}],"collection":[{"href":"https:\/\/www.autonvaraosahaku.fi\/index.php?rest_route=\/wp\/v2\/product"}],"about":[{"href":"https:\/\/www.autonvaraosahaku.fi\/index.php?rest_route=\/wp\/v2\/types\/product"}],"wp:attachment":[{"href":"https:\/\/www.autonvaraosahaku.fi\/index.php?rest_route=%2Fwp%2Fv2%2Fmedia&parent=99833"}],"wp:term":[{"taxonomy":"pwb-brand","embeddable":true,"href":"https:\/\/www.autonvaraosahaku.fi\/index.php?rest_route=%2Fwp%2Fv2%2Fpwb-brand&post=99833"},{"taxonomy":"product_cat","embeddable":true,"href":"https:\/\/www.autonvaraosahaku.fi\/index.php?rest_route=%2Fwp%2Fv2%2Fproduct_cat&post=99833"},{"taxonomy":"product_tag","embeddable":true,"href":"https:\/\/www.autonvaraosahaku.fi\/index.php?rest_route=%2Fwp%2Fv2%2Fproduct_tag&post=99833"}],"curies":[{"name":"wp","href":"https:\/\/api.w.org\/{rel}","templated":true}]}}