{"id":99848,"date":"2021-02-21T22:31:00","date_gmt":"2021-02-21T22:31:00","guid":{"rendered":"https:\/\/www.autonvaraosahaku.fi\/?product=blue-print-adm54282-jarrupalat"},"modified":"2021-02-21T22:31:07","modified_gmt":"2021-02-21T22:31:07","slug":"blue-print-adm54282-jarrupalat","status":"publish","type":"product","link":"https:\/\/www.autonvaraosahaku.fi\/?product=blue-print-adm54282-jarrupalat","title":{"rendered":"Blue Print ADM54282 Jarrupalat"},"content":{"rendered":"<p>Pituus (mm): 156,3, 155,2; Leveys (mm): 67,2, 62,5; Tarkistuskilpi: ECE R90 Approved; Asennuspuoli: Etuakseli; Paksuus 1 [mm]: 17,8; Paino [kg]: 1,970, 1,970; M\u00e4\u00e4r\u00e4yksikk\u00f6: Akselisarja; TECDOC-moottorinumero: 24427; MAZDA: 5 CR19,3 BK,3 BL,5 CW,3 Stufenheck BK,3 Stufenheck BL; VOLVO: V50 MW,C30,S40 II MS,C70 II Cabriolet,V40 Schr\u00e4gheck; FORD: FOCUS II Kombi DA_,FOCUS II DA_,FOCUS III Turnier,FOCUS C-MAX,KUGA I,C-MAX DM2,FOCUS III,C-MAX II,GRAND C-MAX,FOCUS Stufenheck DFW,FOCUS II Stufenheck DA_,FOCUS II Cabriolet,ECOSPORT,FOCUS III Stufenheck,GRAND C-MAX Van,C-MAX II Van,FOCUS III Kasten\/Schr\u00e4gheck; 1223682, 1321517, 1360305, 1508074, 1515017, 1519527, 1519528, 1566093, 1695810, 1712024, 1753844, 1759370, 1765766, 1809256, 1816524, 1820037, 1826241, 2188058, 8V412K021AA, 8V412K021AB, 3M512K021AA, 3M512K021AB, 3M5J2K021A1A, 3M5J2K021AA, 8V412K021AA, 8V412K021AB, AV612K021BA, AV612K021BB, BV612001B3A, BV612001C3B, BV612001CB, CV6Z2001A, GN152K021AC, ME3M5J2K021AA, MEAV6J2K021AA, MEAV6J2K021BA, B3YH3323Z, B3YH3323ZA, B3YH3328ZAMV, B4YB3323Z, BPYK23ZA9C, BPYK3323Z, BPYK3323ZA, BPYK3323ZA9C, BPYK3323ZB9C, BPYK3323ZC, BPYK3323ZC9C, C2Y33323ZA, C2Y33323ZB, 30681739, 30683554, 30715023, 30736923, 307369230, 30742030, 30793618, 31341301, 8683614; Jarrupalasarja,Jarrupala, Levyjarru<\/p>\n","protected":false},"excerpt":{"rendered":"<p>BLUE PRINT Jarrupalat ADM54282 Jarrupalasarja,Jarrupala, Levyjarru MAZDA,VOLVO,FORD,5 CR19,3 BK,3 BL,5 CW,3 Stufenheck BK,3 Stufenheck BL,V50 MW,C30<\/p>\n","protected":false},"featured_media":0,"template":"","meta":{"site-sidebar-layout":"default","site-content-layout":"default","ast-global-header-display":"","ast-main-header-display":"","ast-hfb-above-header-display":"","ast-hfb-below-header-display":"","ast-hfb-mobile-header-display":"","site-post-title":"","ast-breadcrumbs-content":"","ast-featured-img":"","footer-sml-layout":"","theme-transparent-header-meta":"","adv-header-id-meta":"","stick-header-meta":"","header-above-stick-meta":"","header-main-stick-meta":"","header-below-stick-meta":""},"pwb-brand":[533],"product_cat":[100],"product_tag":[],"class_list":{"0":"post-99848","1":"product","2":"type-product","3":"status-publish","5":"pwb-brand-blue-print","6":"product_cat-jarrupalat","7":"desktop-align-left","8":"tablet-align-left","9":"mobile-align-left","11":"first","12":"instock","13":"product-type-external"},"brands":[{"id":533,"name":"Blue Print","slug":"blue-print"}],"_links":{"self":[{"href":"https:\/\/www.autonvaraosahaku.fi\/index.php?rest_route=\/wp\/v2\/product\/99848","targetHints":{"allow":["GET"]}}],"collection":[{"href":"https:\/\/www.autonvaraosahaku.fi\/index.php?rest_route=\/wp\/v2\/product"}],"about":[{"href":"https:\/\/www.autonvaraosahaku.fi\/index.php?rest_route=\/wp\/v2\/types\/product"}],"wp:attachment":[{"href":"https:\/\/www.autonvaraosahaku.fi\/index.php?rest_route=%2Fwp%2Fv2%2Fmedia&parent=99848"}],"wp:term":[{"taxonomy":"pwb-brand","embeddable":true,"href":"https:\/\/www.autonvaraosahaku.fi\/index.php?rest_route=%2Fwp%2Fv2%2Fpwb-brand&post=99848"},{"taxonomy":"product_cat","embeddable":true,"href":"https:\/\/www.autonvaraosahaku.fi\/index.php?rest_route=%2Fwp%2Fv2%2Fproduct_cat&post=99848"},{"taxonomy":"product_tag","embeddable":true,"href":"https:\/\/www.autonvaraosahaku.fi\/index.php?rest_route=%2Fwp%2Fv2%2Fproduct_tag&post=99848"}],"curies":[{"name":"wp","href":"https:\/\/api.w.org\/{rel}","templated":true}]}}