{"id":99858,"date":"2021-02-21T22:31:09","date_gmt":"2021-02-21T22:31:09","guid":{"rendered":"https:\/\/www.autonvaraosahaku.fi\/?product=blue-print-adh24329-jarrulevyt"},"modified":"2021-02-21T22:31:12","modified_gmt":"2021-02-21T22:31:12","slug":"blue-print-adh24329-jarrulevyt","status":"publish","type":"product","link":"https:\/\/www.autonvaraosahaku.fi\/?product=blue-print-adh24329-jarrulevyt","title":{"rendered":"Blue Print ADH24329 Jarrulevyt"},"content":{"rendered":"<p>Jarrulevyn paksuus (mm): 21; Kiinnitysreikien lukum\u00e4\u00e4r\u00e4: 4; Paksuus [mm]: 44,5; Ulkol\u00e4pimitta [mm]: 262,0; Reik\u00e4ympyr\u00e4-\u00d8 [mm]: 100; Pinta: pinnoitettu; Jarrulevytyyppi: Tuuletettu, sis\u00e4; Asennuspuoli: Etuakseli; V\u00e4himm\u00e4ispaksuus (mm): 19; Paino [kg]: 5,160; keskitt\u00e4misl\u00e4pimitta [mm]: 64, 64; Huomioi huolto-ohjeet: ; Jarru-\/ajodynamiikka: f\u00fcr Fahrzeuge mit ABS; HONDA: CIVIC VII Hatchback EU, EP, EV,CIVIC VI Hatchback EJ, EK,CIVIC VI Fastback MA, MB,CRX III EH, EG,CIVIC VI Aerodeck MB, MC,CRX II ED, EE,CIVIC V Hatchback EG,CIVIC VII Coupe EM2,CIVIC IV Hatchback EC, ED, EE,CIVIC VI Stufenheck EJ, EK,CIVIC VI Coupe EJ, EM1,CIVIC V Coupe EJ,CIVIC VII Stufenheck ES,CIVIC V Stufenheck EG, EH; ROVER: 200 RF,400 RT,CABRIOLET XW,400 Hatchback RT,200 Hatchback XW,200 Coupe XW,400 Tourer XW,200 XH,400 XW,COUPE; 45251S5DA10, 45251S6DE10, 45251SK7000, 45251SK7A00, 45251SK7A10, 45251SK7J00, 45251SR0A00, 45251SR0A10, 45251ST3E10, GDB90840, GBD840, GBD90840, SDB000990, SDB000991, SDB100600; Jarrulevy<\/p>\n","protected":false},"excerpt":{"rendered":"<p>BLUE PRINT Jarrulevyt ADH24329 Jarrulevy HONDA,ROVER,CIVIC VII Hatchback EU, EP, EV,CIVIC VI Hatchback EJ, EK,CIVIC VI Fastback MA, MB,CRX III EH, EG<\/p>\n","protected":false},"featured_media":0,"template":"","meta":{"site-sidebar-layout":"default","site-content-layout":"default","ast-global-header-display":"","ast-main-header-display":"","ast-hfb-above-header-display":"","ast-hfb-below-header-display":"","ast-hfb-mobile-header-display":"","site-post-title":"","ast-breadcrumbs-content":"","ast-featured-img":"","footer-sml-layout":"","theme-transparent-header-meta":"","adv-header-id-meta":"","stick-header-meta":"","header-above-stick-meta":"","header-main-stick-meta":"","header-below-stick-meta":""},"pwb-brand":[533],"product_cat":[66],"product_tag":[],"class_list":{"0":"post-99858","1":"product","2":"type-product","3":"status-publish","5":"pwb-brand-blue-print","6":"product_cat-jarrulevyt","7":"desktop-align-left","8":"tablet-align-left","9":"mobile-align-left","11":"first","12":"instock","13":"product-type-external"},"brands":[{"id":533,"name":"Blue Print","slug":"blue-print"}],"_links":{"self":[{"href":"https:\/\/www.autonvaraosahaku.fi\/index.php?rest_route=\/wp\/v2\/product\/99858","targetHints":{"allow":["GET"]}}],"collection":[{"href":"https:\/\/www.autonvaraosahaku.fi\/index.php?rest_route=\/wp\/v2\/product"}],"about":[{"href":"https:\/\/www.autonvaraosahaku.fi\/index.php?rest_route=\/wp\/v2\/types\/product"}],"wp:attachment":[{"href":"https:\/\/www.autonvaraosahaku.fi\/index.php?rest_route=%2Fwp%2Fv2%2Fmedia&parent=99858"}],"wp:term":[{"taxonomy":"pwb-brand","embeddable":true,"href":"https:\/\/www.autonvaraosahaku.fi\/index.php?rest_route=%2Fwp%2Fv2%2Fpwb-brand&post=99858"},{"taxonomy":"product_cat","embeddable":true,"href":"https:\/\/www.autonvaraosahaku.fi\/index.php?rest_route=%2Fwp%2Fv2%2Fproduct_cat&post=99858"},{"taxonomy":"product_tag","embeddable":true,"href":"https:\/\/www.autonvaraosahaku.fi\/index.php?rest_route=%2Fwp%2Fv2%2Fproduct_tag&post=99858"}],"curies":[{"name":"wp","href":"https:\/\/api.w.org\/{rel}","templated":true}]}}