{"id":99864,"date":"2021-02-21T22:31:09","date_gmt":"2021-02-21T22:31:09","guid":{"rendered":"https:\/\/www.autonvaraosahaku.fi\/?product=blue-print-adj132127-oljynsuodatin"},"modified":"2021-02-21T22:31:15","modified_gmt":"2021-02-21T22:31:15","slug":"blue-print-adj132127-oljynsuodatin","status":"publish","type":"product","link":"https:\/\/www.autonvaraosahaku.fi\/?product=blue-print-adj132127-oljynsuodatin","title":{"rendered":"Blue Print ADJ132127 \u00d6ljynsuodatin"},"content":{"rendered":"<p>Suodatintyyppi: Ruuvattava suodatin, Ruuvattava suodatin; Korkeus (mm): 80; Ulkol\u00e4pimitta [mm]: 76,0; Sis\u00e4kierre (mm): M22 x 1,5; Tiivisteen l\u00e4pimitta [mm]: 72; Paino [kg]: 0,295; Alustanumerosta: 12526437; LAND ROVER: DEFENDER Station Wagon LD,DEFENDER Cabrio LD,DEFENDER Pritsche\/Fahrgestell LD; FORD: TRANSIT MK-7 Kasten,TRANSIT MK-7 Bus,TRANSIT MK-7 Pritsche\/Fahrgestell,TRANSIT CUSTOM Kasten,TOURNEO CUSTOM Bus,TRANSIT TOURNEO FB,TRANSIT CUSTOM Bus,TRANSIT Custom  Bus,TRANSIT Custom Pritsche\/Fahrgestell; CITRO\u00cbN: JUMPER Kasten,JUMPER Bus,JUMPER Pritsche\/Fahrgestell; PEUGEOT: BOXER Kasten,BOXER Bus,BOXER Pritsche\/Fahrgestell; 9808867880, 9808867880, 1812551, 2128722, LR058104, LR104384, 9808867880<\/p>\n","protected":false},"excerpt":{"rendered":"<p>BLUE PRINT \u00d6ljynsuodatin ADJ132127  LAND ROVER,FORD,CITRO\u00cbN,DEFENDER Station Wagon LD,DEFENDER Cabrio LD,DEFENDER Pritsche\/Fahrgestell LD<\/p>\n","protected":false},"featured_media":0,"template":"","meta":{"site-sidebar-layout":"default","site-content-layout":"default","ast-global-header-display":"","ast-main-header-display":"","ast-hfb-above-header-display":"","ast-hfb-below-header-display":"","ast-hfb-mobile-header-display":"","site-post-title":"","ast-breadcrumbs-content":"","ast-featured-img":"","footer-sml-layout":"","theme-transparent-header-meta":"","adv-header-id-meta":"","stick-header-meta":"","header-above-stick-meta":"","header-main-stick-meta":"","header-below-stick-meta":""},"pwb-brand":[533],"product_cat":[30],"product_tag":[],"class_list":{"0":"post-99864","1":"product","2":"type-product","3":"status-publish","5":"pwb-brand-blue-print","6":"product_cat-oljynsuodatin","7":"desktop-align-left","8":"tablet-align-left","9":"mobile-align-left","11":"first","12":"instock","13":"product-type-external"},"brands":[{"id":533,"name":"Blue Print","slug":"blue-print"}],"_links":{"self":[{"href":"https:\/\/www.autonvaraosahaku.fi\/index.php?rest_route=\/wp\/v2\/product\/99864","targetHints":{"allow":["GET"]}}],"collection":[{"href":"https:\/\/www.autonvaraosahaku.fi\/index.php?rest_route=\/wp\/v2\/product"}],"about":[{"href":"https:\/\/www.autonvaraosahaku.fi\/index.php?rest_route=\/wp\/v2\/types\/product"}],"wp:attachment":[{"href":"https:\/\/www.autonvaraosahaku.fi\/index.php?rest_route=%2Fwp%2Fv2%2Fmedia&parent=99864"}],"wp:term":[{"taxonomy":"pwb-brand","embeddable":true,"href":"https:\/\/www.autonvaraosahaku.fi\/index.php?rest_route=%2Fwp%2Fv2%2Fpwb-brand&post=99864"},{"taxonomy":"product_cat","embeddable":true,"href":"https:\/\/www.autonvaraosahaku.fi\/index.php?rest_route=%2Fwp%2Fv2%2Fproduct_cat&post=99864"},{"taxonomy":"product_tag","embeddable":true,"href":"https:\/\/www.autonvaraosahaku.fi\/index.php?rest_route=%2Fwp%2Fv2%2Fproduct_tag&post=99864"}],"curies":[{"name":"wp","href":"https:\/\/api.w.org\/{rel}","templated":true}]}}