{"id":99876,"date":"2021-02-21T22:31:18","date_gmt":"2021-02-21T22:31:18","guid":{"rendered":"https:\/\/www.autonvaraosahaku.fi\/?product=blue-print-adt342168-jarrupalat"},"modified":"2021-02-21T22:31:21","modified_gmt":"2021-02-21T22:31:21","slug":"blue-print-adt342168-jarrupalat","status":"publish","type":"product","link":"https:\/\/www.autonvaraosahaku.fi\/?product=blue-print-adt342168-jarrupalat","title":{"rendered":"Blue Print ADT342168 Jarrupalat"},"content":{"rendered":"<p>Pituus (mm): 96,7; Leveys (mm): 49,2; Tarkistuskilpi: ECE R90 Approved; Asennuspuoli: Taka-akseli, Taka-akseli; Paksuus 1 [mm]: 15,5, 15,5; Paino [kg]: 0,87, 0,820; M\u00e4\u00e4r\u00e4yksikk\u00f6: Akselisarja; Valmistaja rajaus: MARK D6247; LEXUS: HS ANF10; TOYOTA: RAV 4 III ACA3_, ACE_, ALA3_, GSA3_, ZSA3_,RAV 4 IV ZSA4_, ALA4_,CAMRY Stufenheck _XV4_,CAMRY Stufenheck AVV5_, XV5_,MATRIX ZRE14_, AZE14_; 0446606070, 0446606100, 0446606200, 0446633160, 0446633180, 0446633200, 0446642060, 0446675010, 04466YZZE8, 0446602220, 0446606060, 0446606070, 0446606090, 0446606100, 0446606200, 0446606210, 0446633160, 0446633180, 0446633200, 0446642060, 04466YZZE8; Jarrupalasarja,Jarrupala, Levyjarru<\/p>\n","protected":false},"excerpt":{"rendered":"<p>BLUE PRINT Jarrupalat ADT342168 Jarrupalasarja,Jarrupala, Levyjarru LEXUS,TOYOTA,HS ANF10,RAV 4 III ACA3_, ACE_, ALA3_, GSA3_, ZSA3_<\/p>\n","protected":false},"featured_media":0,"template":"","meta":{"site-sidebar-layout":"default","site-content-layout":"default","ast-global-header-display":"","ast-main-header-display":"","ast-hfb-above-header-display":"","ast-hfb-below-header-display":"","ast-hfb-mobile-header-display":"","site-post-title":"","ast-breadcrumbs-content":"","ast-featured-img":"","footer-sml-layout":"","theme-transparent-header-meta":"","adv-header-id-meta":"","stick-header-meta":"","header-above-stick-meta":"","header-main-stick-meta":"","header-below-stick-meta":""},"pwb-brand":[533],"product_cat":[100],"product_tag":[],"class_list":{"0":"post-99876","1":"product","2":"type-product","3":"status-publish","5":"pwb-brand-blue-print","6":"product_cat-jarrupalat","7":"desktop-align-left","8":"tablet-align-left","9":"mobile-align-left","11":"first","12":"instock","13":"product-type-external"},"brands":[{"id":533,"name":"Blue Print","slug":"blue-print"}],"_links":{"self":[{"href":"https:\/\/www.autonvaraosahaku.fi\/index.php?rest_route=\/wp\/v2\/product\/99876","targetHints":{"allow":["GET"]}}],"collection":[{"href":"https:\/\/www.autonvaraosahaku.fi\/index.php?rest_route=\/wp\/v2\/product"}],"about":[{"href":"https:\/\/www.autonvaraosahaku.fi\/index.php?rest_route=\/wp\/v2\/types\/product"}],"wp:attachment":[{"href":"https:\/\/www.autonvaraosahaku.fi\/index.php?rest_route=%2Fwp%2Fv2%2Fmedia&parent=99876"}],"wp:term":[{"taxonomy":"pwb-brand","embeddable":true,"href":"https:\/\/www.autonvaraosahaku.fi\/index.php?rest_route=%2Fwp%2Fv2%2Fpwb-brand&post=99876"},{"taxonomy":"product_cat","embeddable":true,"href":"https:\/\/www.autonvaraosahaku.fi\/index.php?rest_route=%2Fwp%2Fv2%2Fproduct_cat&post=99876"},{"taxonomy":"product_tag","embeddable":true,"href":"https:\/\/www.autonvaraosahaku.fi\/index.php?rest_route=%2Fwp%2Fv2%2Fproduct_tag&post=99876"}],"curies":[{"name":"wp","href":"https:\/\/api.w.org\/{rel}","templated":true}]}}