{"id":99880,"date":"2021-02-21T22:31:18","date_gmt":"2021-02-21T22:31:18","guid":{"rendered":"https:\/\/www.autonvaraosahaku.fi\/?product=blue-print-ada102103-oljynsuodatin"},"modified":"2021-02-21T22:31:22","modified_gmt":"2021-02-21T22:31:22","slug":"blue-print-ada102103-oljynsuodatin","status":"publish","type":"product","link":"https:\/\/www.autonvaraosahaku.fi\/?product=blue-print-ada102103-oljynsuodatin","title":{"rendered":"Blue Print ADA102103 \u00d6ljynsuodatin"},"content":{"rendered":"<p>Suodatintyyppi: Suodatinpanos, Suodatinpanos; Korkeus (mm): 110; Sis\u00e4l\u00e4pimitta [mm]: 23,5; Ulkol\u00e4pimitta [mm]: 82,0; Paino [kg]: 0,114, 0,114; Moottorinumerosta: 176 890; VW: GOLF IV 1J1,PASSAT Variant 3B6,TRANSPORTER IV Bus 70XB, 70XC, 7DB, 7DW,GOLF III 1H1,SHARAN 7M8, 7M9, 7M6,PASSAT Variant 3B5,TRANSPORTER V Bus 7HB, 7HJ, 7EB, 7EJ, 7EF,TOUAREG 7LA, 7L6, 7L7,MULTIVAN V 7HM, 7HN, 7HF, 7EF, 7EM, 7EN,PASSAT Variant 3A5, 35I,BORA 1J2,PASSAT 3B2,TRANSPORTER IV Kasten 70XA,TRANSPORTER V Kasten 7HA, 7HH, 7EA, 7EH,PASSAT 3B3,PHAETON 3D_,GOLF III Variant 1H5,TOUAREG 7P5,PASSAT 3A2, 35I,TRANSPORTER IV Pritsche\/Fahrgestell 70XD,VENTO 1H2,TRANSPORTER V Pritsche\/Fahrgestell 7JD, 7JE, 7JL, 7JY, 7JZ,; AUDI: Q7 4L,A8 4D2, 4D8; SKODA: OCTAVIA Combi 1Z5,OCTAVIA 1Z3; JEEP: GRAND CHEROKEE II WJ, WG; MERCEDES-BENZ: V-CLASS 638\/2; FORD: GALAXY WGR; PORSCHE: CAYENNE 955,CAYENNE; 021115562A, 21115562A, 05015171AA, 5015171AA, 1025629, 1669779, 95VW6714AA, 95VW6717AB, 05015171AA, 5015171AA, 0001801509, 1041800609, 1041841025, A0001801509, A1041800609, A1041841025, 95510756100, 021115562A, 21115562A, 021115561B, 021115562A, 077115562, 07C115433, 07C115562, 21115561B, 21115562A, 77115562, 7C115433, 7C115562<\/p>\n","protected":false},"excerpt":{"rendered":"<p>BLUE PRINT \u00d6ljynsuodatin ADA102103  VW,AUDI,SKODA,GOLF IV 1J1,PASSAT Variant 3B6,TRANSPORTER IV Bus 70XB, 70XC, 7DB, 7DW,GOLF III 1H1<\/p>\n","protected":false},"featured_media":0,"template":"","meta":{"site-sidebar-layout":"default","site-content-layout":"default","ast-global-header-display":"","ast-main-header-display":"","ast-hfb-above-header-display":"","ast-hfb-below-header-display":"","ast-hfb-mobile-header-display":"","site-post-title":"","ast-breadcrumbs-content":"","ast-featured-img":"","footer-sml-layout":"","theme-transparent-header-meta":"","adv-header-id-meta":"","stick-header-meta":"","header-above-stick-meta":"","header-main-stick-meta":"","header-below-stick-meta":""},"pwb-brand":[533],"product_cat":[30],"product_tag":[],"class_list":{"0":"post-99880","1":"product","2":"type-product","3":"status-publish","5":"pwb-brand-blue-print","6":"product_cat-oljynsuodatin","7":"desktop-align-left","8":"tablet-align-left","9":"mobile-align-left","11":"first","12":"instock","13":"product-type-external"},"brands":[{"id":533,"name":"Blue Print","slug":"blue-print"}],"_links":{"self":[{"href":"https:\/\/www.autonvaraosahaku.fi\/index.php?rest_route=\/wp\/v2\/product\/99880","targetHints":{"allow":["GET"]}}],"collection":[{"href":"https:\/\/www.autonvaraosahaku.fi\/index.php?rest_route=\/wp\/v2\/product"}],"about":[{"href":"https:\/\/www.autonvaraosahaku.fi\/index.php?rest_route=\/wp\/v2\/types\/product"}],"wp:attachment":[{"href":"https:\/\/www.autonvaraosahaku.fi\/index.php?rest_route=%2Fwp%2Fv2%2Fmedia&parent=99880"}],"wp:term":[{"taxonomy":"pwb-brand","embeddable":true,"href":"https:\/\/www.autonvaraosahaku.fi\/index.php?rest_route=%2Fwp%2Fv2%2Fpwb-brand&post=99880"},{"taxonomy":"product_cat","embeddable":true,"href":"https:\/\/www.autonvaraosahaku.fi\/index.php?rest_route=%2Fwp%2Fv2%2Fproduct_cat&post=99880"},{"taxonomy":"product_tag","embeddable":true,"href":"https:\/\/www.autonvaraosahaku.fi\/index.php?rest_route=%2Fwp%2Fv2%2Fproduct_tag&post=99880"}],"curies":[{"name":"wp","href":"https:\/\/api.w.org\/{rel}","templated":true}]}}