{"id":99893,"date":"2021-02-21T22:31:26","date_gmt":"2021-02-21T22:31:26","guid":{"rendered":"https:\/\/www.autonvaraosahaku.fi\/?product=blue-print-adm543115-jarrulevyt"},"modified":"2021-02-21T22:31:28","modified_gmt":"2021-02-21T22:31:28","slug":"blue-print-adm543115-jarrulevyt","status":"publish","type":"product","link":"https:\/\/www.autonvaraosahaku.fi\/?product=blue-print-adm543115-jarrulevyt","title":{"rendered":"Blue Print ADM543115 Jarrulevyt"},"content":{"rendered":"<p>Jarrulevyn paksuus (mm): 11; Kiinnitysreikien lukum\u00e4\u00e4r\u00e4: 5; Paksuus [mm]: 40,7; Ulkol\u00e4pimitta [mm]: 265,0; Reik\u00e4ympyr\u00e4-\u00d8 [mm]: 114,3; Pinta: pinnoitettu; Jarrulevytyyppi: Vakiomalli; Asennuspuoli: Taka-akseli; V\u00e4himm\u00e4ispaksuus (mm): 9; Paino [kg]: 4,240; keskitt\u00e4misl\u00e4pimitta [mm]: 72, 72; Moottorinumero: LFD7; MAZDA: 5 CR19,3 BK,3 BL,3 Stufenheck BK,3 Stufenheck BL; FORD: FOCUS II Kombi DA_,FOCUS II DA_,FOCUS C-MAX,C-MAX DM2,FOCUS II Stufenheck DA_,FOCUS II Cabriolet; 1223540, 1223543, 1253727, 1253728, 1320347, 1373360, 1468946, 1501061, 1501068, 1575733, 1748745, 3M512A315A1E, 3M512A315AB, 3M512A315AC, 3M512A315AD, 3M512A315AE, 3M512A315CA, 7M512A315FA, 9M512A315BA, 9M512A315BB, BP4Y26251A, BP4Y26251B, BP4Y26251C, BP4Y26251D, C24Y26251B, C24Y26251C, C24Y26251C9A, C24Y26251D; Jarrulevy<\/p>\n","protected":false},"excerpt":{"rendered":"<p>BLUE PRINT Jarrulevyt ADM543115 Jarrulevy MAZDA,FORD,5 CR19,3 BK,3 BL,3 Stufenheck BK,3 Stufenheck BL,FOCUS II Kombi DA_,FOCUS II DA_,FOCUS C-MAX<\/p>\n","protected":false},"featured_media":0,"template":"","meta":{"site-sidebar-layout":"default","site-content-layout":"default","ast-global-header-display":"","ast-main-header-display":"","ast-hfb-above-header-display":"","ast-hfb-below-header-display":"","ast-hfb-mobile-header-display":"","site-post-title":"","ast-breadcrumbs-content":"","ast-featured-img":"","footer-sml-layout":"","theme-transparent-header-meta":"","adv-header-id-meta":"","stick-header-meta":"","header-above-stick-meta":"","header-main-stick-meta":"","header-below-stick-meta":""},"pwb-brand":[533],"product_cat":[66],"product_tag":[],"class_list":{"0":"post-99893","1":"product","2":"type-product","3":"status-publish","5":"pwb-brand-blue-print","6":"product_cat-jarrulevyt","7":"desktop-align-left","8":"tablet-align-left","9":"mobile-align-left","11":"first","12":"instock","13":"product-type-external"},"brands":[{"id":533,"name":"Blue Print","slug":"blue-print"}],"_links":{"self":[{"href":"https:\/\/www.autonvaraosahaku.fi\/index.php?rest_route=\/wp\/v2\/product\/99893","targetHints":{"allow":["GET"]}}],"collection":[{"href":"https:\/\/www.autonvaraosahaku.fi\/index.php?rest_route=\/wp\/v2\/product"}],"about":[{"href":"https:\/\/www.autonvaraosahaku.fi\/index.php?rest_route=\/wp\/v2\/types\/product"}],"wp:attachment":[{"href":"https:\/\/www.autonvaraosahaku.fi\/index.php?rest_route=%2Fwp%2Fv2%2Fmedia&parent=99893"}],"wp:term":[{"taxonomy":"pwb-brand","embeddable":true,"href":"https:\/\/www.autonvaraosahaku.fi\/index.php?rest_route=%2Fwp%2Fv2%2Fpwb-brand&post=99893"},{"taxonomy":"product_cat","embeddable":true,"href":"https:\/\/www.autonvaraosahaku.fi\/index.php?rest_route=%2Fwp%2Fv2%2Fproduct_cat&post=99893"},{"taxonomy":"product_tag","embeddable":true,"href":"https:\/\/www.autonvaraosahaku.fi\/index.php?rest_route=%2Fwp%2Fv2%2Fproduct_tag&post=99893"}],"curies":[{"name":"wp","href":"https:\/\/api.w.org\/{rel}","templated":true}]}}