{"id":99905,"date":"2021-02-21T22:31:26","date_gmt":"2021-02-21T22:31:26","guid":{"rendered":"https:\/\/www.autonvaraosahaku.fi\/?product=blue-print-adc443103-jarrulevyt"},"modified":"2021-02-21T22:31:32","modified_gmt":"2021-02-21T22:31:32","slug":"blue-print-adc443103-jarrulevyt","status":"publish","type":"product","link":"https:\/\/www.autonvaraosahaku.fi\/?product=blue-print-adc443103-jarrulevyt","title":{"rendered":"Blue Print ADC443103 Jarrulevyt"},"content":{"rendered":"<p>Jarrulevyn paksuus (mm): 10; Kiinnitysreikien lukum\u00e4\u00e4r\u00e4: 4; Paksuus [mm]: 38,4; Ulkol\u00e4pimitta [mm]: 250,0; Reik\u00e4ympyr\u00e4-\u00d8 [mm]: 114,3; Pinta: pinnoitettu; Jarrulevytyyppi: Vakiomalli; Asennuspuoli: Taka-akseli; V\u00e4himm\u00e4ispaksuus (mm): 8; Paino [kg]: 3,390; keskitt\u00e4misl\u00e4pimitta [mm]: 69, 69; Huomioi huolto-ohjeet: ; Moottorinumero: 4G15; SMART: FORFOUR 454; MITSUBISHI: COLT VI Z3_A, Z2_A,COLT CZC Cabriolet RG,COLT PLUS VII Z2_W; 4544200072, 4605A076, 4605A076S1, 4544200072, A4544200072; Jarrulevy<\/p>\n","protected":false},"excerpt":{"rendered":"<p>BLUE PRINT Jarrulevyt ADC443103 Jarrulevy SMART,MITSUBISHI,FORFOUR 454,COLT VI Z3_A, Z2_A,COLT CZC Cabriolet RG,COLT PLUS VII Z2_W<\/p>\n","protected":false},"featured_media":0,"template":"","meta":{"site-sidebar-layout":"default","site-content-layout":"default","ast-global-header-display":"","ast-main-header-display":"","ast-hfb-above-header-display":"","ast-hfb-below-header-display":"","ast-hfb-mobile-header-display":"","site-post-title":"","ast-breadcrumbs-content":"","ast-featured-img":"","footer-sml-layout":"","theme-transparent-header-meta":"","adv-header-id-meta":"","stick-header-meta":"","header-above-stick-meta":"","header-main-stick-meta":"","header-below-stick-meta":""},"pwb-brand":[533],"product_cat":[66],"product_tag":[],"class_list":{"0":"post-99905","1":"product","2":"type-product","3":"status-publish","5":"pwb-brand-blue-print","6":"product_cat-jarrulevyt","7":"desktop-align-left","8":"tablet-align-left","9":"mobile-align-left","11":"first","12":"instock","13":"product-type-external"},"brands":[{"id":533,"name":"Blue Print","slug":"blue-print"}],"_links":{"self":[{"href":"https:\/\/www.autonvaraosahaku.fi\/index.php?rest_route=\/wp\/v2\/product\/99905","targetHints":{"allow":["GET"]}}],"collection":[{"href":"https:\/\/www.autonvaraosahaku.fi\/index.php?rest_route=\/wp\/v2\/product"}],"about":[{"href":"https:\/\/www.autonvaraosahaku.fi\/index.php?rest_route=\/wp\/v2\/types\/product"}],"wp:attachment":[{"href":"https:\/\/www.autonvaraosahaku.fi\/index.php?rest_route=%2Fwp%2Fv2%2Fmedia&parent=99905"}],"wp:term":[{"taxonomy":"pwb-brand","embeddable":true,"href":"https:\/\/www.autonvaraosahaku.fi\/index.php?rest_route=%2Fwp%2Fv2%2Fpwb-brand&post=99905"},{"taxonomy":"product_cat","embeddable":true,"href":"https:\/\/www.autonvaraosahaku.fi\/index.php?rest_route=%2Fwp%2Fv2%2Fproduct_cat&post=99905"},{"taxonomy":"product_tag","embeddable":true,"href":"https:\/\/www.autonvaraosahaku.fi\/index.php?rest_route=%2Fwp%2Fv2%2Fproduct_tag&post=99905"}],"curies":[{"name":"wp","href":"https:\/\/api.w.org\/{rel}","templated":true}]}}