{"id":99907,"date":"2021-02-21T22:31:26","date_gmt":"2021-02-21T22:31:26","guid":{"rendered":"https:\/\/www.autonvaraosahaku.fi\/?product=blue-print-ada108028-jousijalan-tukilaakeri"},"modified":"2021-02-21T22:31:33","modified_gmt":"2021-02-21T22:31:33","slug":"blue-print-ada108028-jousijalan-tukilaakeri","status":"publish","type":"product","link":"https:\/\/www.autonvaraosahaku.fi\/?product=blue-print-ada108028-jousijalan-tukilaakeri","title":{"rendered":"Blue Print ADA108028 Jousijalan tukilaakeri"},"content":{"rendered":"<p>Pituus (mm): 196,5; Leveys (mm): 198,4; Paksuus [mm]: 69,4; Materiaali: Metalli; Asennuspuoli: etuakseli molemminpuoleinen; Paino [kg]: 0,846, 0,846; Moottorinumero: EGA; CHRYSLER: VOYAGER IV RG, RS; 04743044AA, 04743044AAS1, 04766116AA, 04766116AAS1, 04766116AB, 04766116ABS1, 4743044AA, 4743044AAS1, 4766116AA, 4766116AAS1, 4766116AB, 4766116ABS1, K04766116AA, K04766116AAS1; Iskarin Yl\u00e4p\u00e4\u00e4,Iskunvaimentimen Yl\u00e4p\u00e4\u00e4<\/p>\n","protected":false},"excerpt":{"rendered":"<p>BLUE PRINT Jousijalan Tukilaakeri ADA108028 Iskarin Yl\u00e4p\u00e4\u00e4,Iskunvaimentimen Yl\u00e4p\u00e4\u00e4 CHRYSLER,VOYAGER IV RG, RS<\/p>\n","protected":false},"featured_media":0,"template":"","meta":{"site-sidebar-layout":"default","site-content-layout":"default","ast-global-header-display":"","ast-main-header-display":"","ast-hfb-above-header-display":"","ast-hfb-below-header-display":"","ast-hfb-mobile-header-display":"","site-post-title":"","ast-breadcrumbs-content":"","ast-featured-img":"","footer-sml-layout":"","theme-transparent-header-meta":"","adv-header-id-meta":"","stick-header-meta":"","header-above-stick-meta":"","header-main-stick-meta":"","header-below-stick-meta":""},"pwb-brand":[533],"product_cat":[45],"product_tag":[],"class_list":{"0":"post-99907","1":"product","2":"type-product","3":"status-publish","5":"pwb-brand-blue-print","6":"product_cat-jousijalan-tukilaakeri","7":"desktop-align-left","8":"tablet-align-left","9":"mobile-align-left","11":"first","12":"instock","13":"product-type-external"},"brands":[{"id":533,"name":"Blue Print","slug":"blue-print"}],"_links":{"self":[{"href":"https:\/\/www.autonvaraosahaku.fi\/index.php?rest_route=\/wp\/v2\/product\/99907","targetHints":{"allow":["GET"]}}],"collection":[{"href":"https:\/\/www.autonvaraosahaku.fi\/index.php?rest_route=\/wp\/v2\/product"}],"about":[{"href":"https:\/\/www.autonvaraosahaku.fi\/index.php?rest_route=\/wp\/v2\/types\/product"}],"wp:attachment":[{"href":"https:\/\/www.autonvaraosahaku.fi\/index.php?rest_route=%2Fwp%2Fv2%2Fmedia&parent=99907"}],"wp:term":[{"taxonomy":"pwb-brand","embeddable":true,"href":"https:\/\/www.autonvaraosahaku.fi\/index.php?rest_route=%2Fwp%2Fv2%2Fpwb-brand&post=99907"},{"taxonomy":"product_cat","embeddable":true,"href":"https:\/\/www.autonvaraosahaku.fi\/index.php?rest_route=%2Fwp%2Fv2%2Fproduct_cat&post=99907"},{"taxonomy":"product_tag","embeddable":true,"href":"https:\/\/www.autonvaraosahaku.fi\/index.php?rest_route=%2Fwp%2Fv2%2Fproduct_tag&post=99907"}],"curies":[{"name":"wp","href":"https:\/\/api.w.org\/{rel}","templated":true}]}}