{"id":99909,"date":"2021-02-21T22:31:26","date_gmt":"2021-02-21T22:31:26","guid":{"rendered":"https:\/\/www.autonvaraosahaku.fi\/?product=blue-print-adg073750-vesipumppu-jakohihnasarja"},"modified":"2021-02-21T22:31:34","modified_gmt":"2021-02-21T22:31:34","slug":"blue-print-adg073750-vesipumppu-jakohihnasarja","status":"publish","type":"product","link":"https:\/\/www.autonvaraosahaku.fi\/?product=blue-print-adg073750-vesipumppu-jakohihnasarja","title":{"rendered":"Blue Print ADG073750 Vesipumppu + jakohihnasarja"},"content":{"rendered":"<p>Leveys (mm): 28,0; Hammasluku: 123; Paino [kg]: 2,420, 2,420; Hihna: Py\u00f6ristetyll\u00e4 hammasprofiililla, Py\u00f6ristetyll\u00e4 hammasprofiililla; Valmistusvuoteen: 01\/2006; HYUNDAI: ACCENT II LC,ACCENT III MC,ELANTRA XD,ACCENT III Stufenheck MC,ELANTRA Stufenheck XD,ACCENT II Stufenheck LC; KIA: CARENS II FJ,CERATO LD,CERATO Stufenheck LD; 2431227000, 2431227000S1, 2431227000S2, 2431227250, 2431227250S2, 2441027250, 2441027250S2, 2481027250, 2481027250S2, 2510027000, 2510027000S1, 2431227000, 2431227000S1, 2431227000S2, 2431227250, 2431227250S2, 2441027250, 2441027250S2, 2481027250, 2481027250S2, 2510027000, 2510027000S1<\/p>\n","protected":false},"excerpt":{"rendered":"<p>BLUE PRINT Vesipumppu + Jakohihnasarja ADG073750  HYUNDAI,KIA,ACCENT II LC,ACCENT III MC,ELANTRA XD,ACCENT III Stufenheck MC,ELANTRA Stufenheck XD<\/p>\n","protected":false},"featured_media":0,"template":"","meta":{"site-sidebar-layout":"default","site-content-layout":"default","ast-global-header-display":"","ast-main-header-display":"","ast-hfb-above-header-display":"","ast-hfb-below-header-display":"","ast-hfb-mobile-header-display":"","site-post-title":"","ast-breadcrumbs-content":"","ast-featured-img":"","footer-sml-layout":"","theme-transparent-header-meta":"","adv-header-id-meta":"","stick-header-meta":"","header-above-stick-meta":"","header-main-stick-meta":"","header-below-stick-meta":""},"pwb-brand":[533],"product_cat":[321],"product_tag":[],"class_list":{"0":"post-99909","1":"product","2":"type-product","3":"status-publish","5":"pwb-brand-blue-print","6":"product_cat-vesipumppu-jakohihnasarja","7":"desktop-align-left","8":"tablet-align-left","9":"mobile-align-left","11":"first","12":"instock","13":"product-type-external"},"brands":[{"id":533,"name":"Blue Print","slug":"blue-print"}],"_links":{"self":[{"href":"https:\/\/www.autonvaraosahaku.fi\/index.php?rest_route=\/wp\/v2\/product\/99909","targetHints":{"allow":["GET"]}}],"collection":[{"href":"https:\/\/www.autonvaraosahaku.fi\/index.php?rest_route=\/wp\/v2\/product"}],"about":[{"href":"https:\/\/www.autonvaraosahaku.fi\/index.php?rest_route=\/wp\/v2\/types\/product"}],"wp:attachment":[{"href":"https:\/\/www.autonvaraosahaku.fi\/index.php?rest_route=%2Fwp%2Fv2%2Fmedia&parent=99909"}],"wp:term":[{"taxonomy":"pwb-brand","embeddable":true,"href":"https:\/\/www.autonvaraosahaku.fi\/index.php?rest_route=%2Fwp%2Fv2%2Fpwb-brand&post=99909"},{"taxonomy":"product_cat","embeddable":true,"href":"https:\/\/www.autonvaraosahaku.fi\/index.php?rest_route=%2Fwp%2Fv2%2Fproduct_cat&post=99909"},{"taxonomy":"product_tag","embeddable":true,"href":"https:\/\/www.autonvaraosahaku.fi\/index.php?rest_route=%2Fwp%2Fv2%2Fproduct_tag&post=99909"}],"curies":[{"name":"wp","href":"https:\/\/api.w.org\/{rel}","templated":true}]}}