{"id":99924,"date":"2021-02-21T22:31:35","date_gmt":"2021-02-21T22:31:35","guid":{"rendered":"https:\/\/www.autonvaraosahaku.fi\/?product=blue-print-adl144204-jarrupalat"},"modified":"2021-02-21T22:31:40","modified_gmt":"2021-02-21T22:31:40","slug":"blue-print-adl144204-jarrupalat","status":"publish","type":"product","link":"https:\/\/www.autonvaraosahaku.fi\/?product=blue-print-adl144204-jarrupalat","title":{"rendered":"Blue Print ADL144204 Jarrupalat"},"content":{"rendered":"<p>Pituus (mm): 94,8; Leveys (mm): 42,9; Tarkistuskilpi: ECE R90 Approved; Asennuspuoli: Taka-akseli; Paksuus 1 [mm]: 16; Paino [kg]: 0,76; Kulumisenilmaisimen liitos: Ilman kulumisenilmaisinta, Ilman kulumisenilmaisinta; M\u00e4\u00e4r\u00e4yksikk\u00f6: Akselisarja; Jarrulevypaksuudelle [mm]: 10; LANCIA: DELTA III 844; ALFA ROMEO: MITO 955; FIAT: STILO 192,BRAVO II 198,STILO Multi Wagon 192,MULTIPLA 186; 77364590, 77364590S1, 77365809, 77365809S1, 0077365809, 77365809, 71769094, 71769094S1, 71770014, 71772225, 77362271, 77362768, 77362768S1, 77363518, 77364590, 77365809, 77365809S1, 9949280, 71770014, 77364590, 77364590S1, 77365809, 77365809S1; Jarrupalasarja,Jarrupala, Levyjarru<\/p>\n","protected":false},"excerpt":{"rendered":"<p>BLUE PRINT Jarrupalat ADL144204 Jarrupalasarja,Jarrupala, Levyjarru LANCIA,ALFA ROMEO,FIAT,DELTA III 844,MITO 955,STILO 192,BRAVO II 198<\/p>\n","protected":false},"featured_media":0,"template":"","meta":{"site-sidebar-layout":"default","site-content-layout":"default","ast-global-header-display":"","ast-main-header-display":"","ast-hfb-above-header-display":"","ast-hfb-below-header-display":"","ast-hfb-mobile-header-display":"","site-post-title":"","ast-breadcrumbs-content":"","ast-featured-img":"","footer-sml-layout":"","theme-transparent-header-meta":"","adv-header-id-meta":"","stick-header-meta":"","header-above-stick-meta":"","header-main-stick-meta":"","header-below-stick-meta":""},"pwb-brand":[533],"product_cat":[100],"product_tag":[],"class_list":{"0":"post-99924","1":"product","2":"type-product","3":"status-publish","5":"pwb-brand-blue-print","6":"product_cat-jarrupalat","7":"desktop-align-left","8":"tablet-align-left","9":"mobile-align-left","11":"first","12":"instock","13":"product-type-external"},"brands":[{"id":533,"name":"Blue Print","slug":"blue-print"}],"_links":{"self":[{"href":"https:\/\/www.autonvaraosahaku.fi\/index.php?rest_route=\/wp\/v2\/product\/99924","targetHints":{"allow":["GET"]}}],"collection":[{"href":"https:\/\/www.autonvaraosahaku.fi\/index.php?rest_route=\/wp\/v2\/product"}],"about":[{"href":"https:\/\/www.autonvaraosahaku.fi\/index.php?rest_route=\/wp\/v2\/types\/product"}],"wp:attachment":[{"href":"https:\/\/www.autonvaraosahaku.fi\/index.php?rest_route=%2Fwp%2Fv2%2Fmedia&parent=99924"}],"wp:term":[{"taxonomy":"pwb-brand","embeddable":true,"href":"https:\/\/www.autonvaraosahaku.fi\/index.php?rest_route=%2Fwp%2Fv2%2Fpwb-brand&post=99924"},{"taxonomy":"product_cat","embeddable":true,"href":"https:\/\/www.autonvaraosahaku.fi\/index.php?rest_route=%2Fwp%2Fv2%2Fproduct_cat&post=99924"},{"taxonomy":"product_tag","embeddable":true,"href":"https:\/\/www.autonvaraosahaku.fi\/index.php?rest_route=%2Fwp%2Fv2%2Fproduct_tag&post=99924"}],"curies":[{"name":"wp","href":"https:\/\/api.w.org\/{rel}","templated":true}]}}