{"id":99926,"date":"2021-02-21T22:31:35","date_gmt":"2021-02-21T22:31:35","guid":{"rendered":"https:\/\/www.autonvaraosahaku.fi\/?product=blue-print-adg02333-polttoainesuodatin"},"modified":"2021-02-21T22:31:41","modified_gmt":"2021-02-21T22:31:41","slug":"blue-print-adg02333-polttoainesuodatin","status":"publish","type":"product","link":"https:\/\/www.autonvaraosahaku.fi\/?product=blue-print-adg02333-polttoainesuodatin","title":{"rendered":"Blue Print ADG02333 Polttoainesuodatin"},"content":{"rendered":"<p>Suodatintyyppi: Ruuvattava suodatin, vedenerottimella, vedenerottimella; Korkeus (mm): 152; Ulkol\u00e4pimitta [mm]: 84,5; Sis\u00e4kierre (mm): M16 x 1,5, M10 x 1,5; Tiivisteen l\u00e4pimitta [mm]: 70; Paino [kg]: 0,441; Valmistusvuoteen: 01\/2015; HYUNDAI: i30 FD,GETZ TB,i30 CW FD,i40 CW VF,SANTA F\u00c9 II CM,i30 GD,ix20 JC,MATRIX FC,i30 CW GD,SONATA V NF,ix55,SANTA F\u00c9 III DM,i30 Coupe,i40 VF,H-1 Kasten,ACCENT III MC,H-1 \/ STAREX,ACCENT III Stufenheck MC,GRANDEUR TG,GRAND SANTA F\u00c9,H-1 Pritsche\/Fahrgestell; KIA: SORENTO I JC,VENGA YN,SORENTO II XM,CARENS II FJ,RIO II JB,CARENS III UN,CARENS IV,MAGENTIS MG,RIO II Stufenheck JB,OPTIMA; 319222B900, 319222R900, 319222W000, 319223E300, S319222B900, 319222B900, 319222R900, 319222W000, 319223E10A, 319223E10ASK1, S319222B900<\/p>\n","protected":false},"excerpt":{"rendered":"<p>BLUE PRINT Polttoainesuodatin ADG02333  HYUNDAI,KIA,i30 FD,GETZ TB,i30 CW FD,i40 CW VF,SANTA F\u00c9 II CM,i30 GD,ix20 JC,MATRIX FC,i30 CW GD,SONATA V NF<\/p>\n","protected":false},"featured_media":0,"template":"","meta":{"site-sidebar-layout":"default","site-content-layout":"default","ast-global-header-display":"","ast-main-header-display":"","ast-hfb-above-header-display":"","ast-hfb-below-header-display":"","ast-hfb-mobile-header-display":"","site-post-title":"","ast-breadcrumbs-content":"","ast-featured-img":"","footer-sml-layout":"","theme-transparent-header-meta":"","adv-header-id-meta":"","stick-header-meta":"","header-above-stick-meta":"","header-main-stick-meta":"","header-below-stick-meta":""},"pwb-brand":[533],"product_cat":[29],"product_tag":[],"class_list":{"0":"post-99926","1":"product","2":"type-product","3":"status-publish","5":"pwb-brand-blue-print","6":"product_cat-polttoainesuodatin","7":"desktop-align-left","8":"tablet-align-left","9":"mobile-align-left","11":"first","12":"instock","13":"product-type-external"},"brands":[{"id":533,"name":"Blue Print","slug":"blue-print"}],"_links":{"self":[{"href":"https:\/\/www.autonvaraosahaku.fi\/index.php?rest_route=\/wp\/v2\/product\/99926","targetHints":{"allow":["GET"]}}],"collection":[{"href":"https:\/\/www.autonvaraosahaku.fi\/index.php?rest_route=\/wp\/v2\/product"}],"about":[{"href":"https:\/\/www.autonvaraosahaku.fi\/index.php?rest_route=\/wp\/v2\/types\/product"}],"wp:attachment":[{"href":"https:\/\/www.autonvaraosahaku.fi\/index.php?rest_route=%2Fwp%2Fv2%2Fmedia&parent=99926"}],"wp:term":[{"taxonomy":"pwb-brand","embeddable":true,"href":"https:\/\/www.autonvaraosahaku.fi\/index.php?rest_route=%2Fwp%2Fv2%2Fpwb-brand&post=99926"},{"taxonomy":"product_cat","embeddable":true,"href":"https:\/\/www.autonvaraosahaku.fi\/index.php?rest_route=%2Fwp%2Fv2%2Fproduct_cat&post=99926"},{"taxonomy":"product_tag","embeddable":true,"href":"https:\/\/www.autonvaraosahaku.fi\/index.php?rest_route=%2Fwp%2Fv2%2Fproduct_tag&post=99926"}],"curies":[{"name":"wp","href":"https:\/\/api.w.org\/{rel}","templated":true}]}}