{"id":99927,"date":"2021-02-21T22:31:35","date_gmt":"2021-02-21T22:31:35","guid":{"rendered":"https:\/\/www.autonvaraosahaku.fi\/?product=blue-print-adc44259-jarrupalat"},"modified":"2021-02-21T22:31:42","modified_gmt":"2021-02-21T22:31:42","slug":"blue-print-adc44259-jarrupalat","status":"publish","type":"product","link":"https:\/\/www.autonvaraosahaku.fi\/?product=blue-print-adc44259-jarrupalat","title":{"rendered":"Blue Print ADC44259 Jarrupalat"},"content":{"rendered":"<p>Pituus (mm): 91, 111,5; Leveys (mm): 45,0; Tarkistuskilpi: ECE R90 Approved; Asennuspuoli: Taka-akseli; Paksuus 1 [mm]: 15,5; Jarruj\u00e4rjestelm\u00e4: Akebono; Paino [kg]: 1,01; Kulumisenilmaisimen liitos: akustisella kulumavaroittimella; M\u00e4\u00e4r\u00e4yksikk\u00f6: Akselisarja; Valmistusvuoteen: 07\/2012; JEEP: COMPASS MK49,PATRIOT MK74; CHRYSLER: SEBRING JS,SEBRING Cabriolet JS; LANCIA: FLAVIA Cabriolet JS; CITRO\u00cbN: C-CROSSER EP_,C4 AIRCROSS,C-CROSSER ENTERPRISE; PEUGEOT: 4007 GP_,4008; MITSUBISHI: ASX GA_W_,OUTLANDER XL II CW_W,GRANDIS NA_W,LANCER SPORTBACK CX_A,LANCER Stufenheck CY\/Z_A,PAJERO III V7_W, V6_W,PAJERO IV V8_W, V9_W,LANCER Stufenheck CS_A, CT0,PAJERO IV Van V90, V80,PAJERO CLASSIC V2_W,ASX Van GA_W_,PAJERO II V3_W,PAJERO III Gel\u00e4ndewagen offen V6_W, V7_W; DODGE: CALIBER,AVENGER; 68020256AA, 68028671AA, K68020256AA, 425390, 425391, 425448, 68020256AA, 68028671AA, V2011271AA, V2018671AA, V2018671AB, 68020256AA, 68028671AA, K68028671AA, 4605A265, 4605A447, 4605A448, 4605A487, 4605A502, MN102134, MN102628, MN116286, MR510544, MZ690143, MZ690183, MZ690346, X3516006, 1611838980, 425390, 425448; Jarrupalasarja,Jarrupala, Levyjarru<\/p>\n","protected":false},"excerpt":{"rendered":"<p>BLUE PRINT Jarrupalat ADC44259 Jarrupalasarja,Jarrupala, Levyjarru JEEP,CHRYSLER,LANCIA,COMPASS MK49,PATRIOT MK74,SEBRING JS,SEBRING Cabriolet JS<\/p>\n","protected":false},"featured_media":0,"template":"","meta":{"site-sidebar-layout":"default","site-content-layout":"default","ast-global-header-display":"","ast-main-header-display":"","ast-hfb-above-header-display":"","ast-hfb-below-header-display":"","ast-hfb-mobile-header-display":"","site-post-title":"","ast-breadcrumbs-content":"","ast-featured-img":"","footer-sml-layout":"","theme-transparent-header-meta":"","adv-header-id-meta":"","stick-header-meta":"","header-above-stick-meta":"","header-main-stick-meta":"","header-below-stick-meta":""},"pwb-brand":[533],"product_cat":[100],"product_tag":[],"class_list":{"0":"post-99927","1":"product","2":"type-product","3":"status-publish","5":"pwb-brand-blue-print","6":"product_cat-jarrupalat","7":"desktop-align-left","8":"tablet-align-left","9":"mobile-align-left","11":"first","12":"instock","13":"product-type-external"},"brands":[{"id":533,"name":"Blue Print","slug":"blue-print"}],"_links":{"self":[{"href":"https:\/\/www.autonvaraosahaku.fi\/index.php?rest_route=\/wp\/v2\/product\/99927","targetHints":{"allow":["GET"]}}],"collection":[{"href":"https:\/\/www.autonvaraosahaku.fi\/index.php?rest_route=\/wp\/v2\/product"}],"about":[{"href":"https:\/\/www.autonvaraosahaku.fi\/index.php?rest_route=\/wp\/v2\/types\/product"}],"wp:attachment":[{"href":"https:\/\/www.autonvaraosahaku.fi\/index.php?rest_route=%2Fwp%2Fv2%2Fmedia&parent=99927"}],"wp:term":[{"taxonomy":"pwb-brand","embeddable":true,"href":"https:\/\/www.autonvaraosahaku.fi\/index.php?rest_route=%2Fwp%2Fv2%2Fpwb-brand&post=99927"},{"taxonomy":"product_cat","embeddable":true,"href":"https:\/\/www.autonvaraosahaku.fi\/index.php?rest_route=%2Fwp%2Fv2%2Fproduct_cat&post=99927"},{"taxonomy":"product_tag","embeddable":true,"href":"https:\/\/www.autonvaraosahaku.fi\/index.php?rest_route=%2Fwp%2Fv2%2Fproduct_tag&post=99927"}],"curies":[{"name":"wp","href":"https:\/\/api.w.org\/{rel}","templated":true}]}}