{"id":99938,"date":"2021-02-21T22:31:43","date_gmt":"2021-02-21T22:31:43","guid":{"rendered":"https:\/\/www.autonvaraosahaku.fi\/?product=blue-print-adg043130-jarrulevyt"},"modified":"2021-02-21T22:31:47","modified_gmt":"2021-02-21T22:31:47","slug":"blue-print-adg043130-jarrulevyt","status":"publish","type":"product","link":"https:\/\/www.autonvaraosahaku.fi\/?product=blue-print-adg043130-jarrulevyt","title":{"rendered":"Blue Print ADG043130 Jarrulevyt"},"content":{"rendered":"<p>Jarrulevyn paksuus (mm): 26; Kiinnitysreikien lukum\u00e4\u00e4r\u00e4: 5, 2; Paksuus [mm]: 47,3; Ulkol\u00e4pimitta [mm]: 280,0; Reik\u00e4ympyr\u00e4-\u00d8 [mm]: 114,3; Pinta: pinnoitettu; Jarrulevytyyppi: Tuuletettu, sis\u00e4; Asennuspuoli: Etuakseli; V\u00e4himm\u00e4ispaksuus (mm): 24,4; Paino [kg]: 7,42; keskitt\u00e4misl\u00e4pimitta [mm]: 69, 69; Vannekoko (tuumaa): 15; HYUNDAI: i30 FD,i30 CW FD,ix20 JC; KIA: CEE&#8217;D SW ED,CEE&#8217;D Schr\u00e4gheck ED,VENGA YN,PRO CEE&#8217;D ED,SOUL AM,SOUL II PS; 517121H000, 517121H100, 517122K100, 517121H000, 517121H100, 517122K100; Jarrulevy<\/p>\n","protected":false},"excerpt":{"rendered":"<p>BLUE PRINT Jarrulevyt ADG043130 Jarrulevy HYUNDAI,KIA,i30 FD,i30 CW FD,ix20 JC,CEE&#8217;D SW ED,CEE&#8217;D Schr\u00e4gheck ED,VENGA YN,PRO CEE&#8217;D ED,SOUL AM<\/p>\n","protected":false},"featured_media":0,"template":"","meta":{"site-sidebar-layout":"default","site-content-layout":"default","ast-global-header-display":"","ast-main-header-display":"","ast-hfb-above-header-display":"","ast-hfb-below-header-display":"","ast-hfb-mobile-header-display":"","site-post-title":"","ast-breadcrumbs-content":"","ast-featured-img":"","footer-sml-layout":"","theme-transparent-header-meta":"","adv-header-id-meta":"","stick-header-meta":"","header-above-stick-meta":"","header-main-stick-meta":"","header-below-stick-meta":""},"pwb-brand":[533],"product_cat":[66],"product_tag":[],"class_list":{"0":"post-99938","1":"product","2":"type-product","3":"status-publish","5":"pwb-brand-blue-print","6":"product_cat-jarrulevyt","7":"desktop-align-left","8":"tablet-align-left","9":"mobile-align-left","11":"first","12":"instock","13":"product-type-external"},"brands":[{"id":533,"name":"Blue Print","slug":"blue-print"}],"_links":{"self":[{"href":"https:\/\/www.autonvaraosahaku.fi\/index.php?rest_route=\/wp\/v2\/product\/99938","targetHints":{"allow":["GET"]}}],"collection":[{"href":"https:\/\/www.autonvaraosahaku.fi\/index.php?rest_route=\/wp\/v2\/product"}],"about":[{"href":"https:\/\/www.autonvaraosahaku.fi\/index.php?rest_route=\/wp\/v2\/types\/product"}],"wp:attachment":[{"href":"https:\/\/www.autonvaraosahaku.fi\/index.php?rest_route=%2Fwp%2Fv2%2Fmedia&parent=99938"}],"wp:term":[{"taxonomy":"pwb-brand","embeddable":true,"href":"https:\/\/www.autonvaraosahaku.fi\/index.php?rest_route=%2Fwp%2Fv2%2Fpwb-brand&post=99938"},{"taxonomy":"product_cat","embeddable":true,"href":"https:\/\/www.autonvaraosahaku.fi\/index.php?rest_route=%2Fwp%2Fv2%2Fproduct_cat&post=99938"},{"taxonomy":"product_tag","embeddable":true,"href":"https:\/\/www.autonvaraosahaku.fi\/index.php?rest_route=%2Fwp%2Fv2%2Fproduct_tag&post=99938"}],"curies":[{"name":"wp","href":"https:\/\/api.w.org\/{rel}","templated":true}]}}