{"id":99952,"date":"2021-02-21T22:31:52","date_gmt":"2021-02-21T22:31:52","guid":{"rendered":"https:\/\/www.autonvaraosahaku.fi\/?product=blue-print-adg04249-jarrupalat"},"modified":"2021-02-21T22:31:53","modified_gmt":"2021-02-21T22:31:53","slug":"blue-print-adg04249-jarrupalat","status":"publish","type":"product","link":"https:\/\/www.autonvaraosahaku.fi\/?product=blue-print-adg04249-jarrupalat","title":{"rendered":"Blue Print ADG04249 Jarrupalat"},"content":{"rendered":"<p>Pituus (mm): 98,8; Leveys (mm): 40,7; Tarkistuskilpi: ECE R90 Approved; Asennuspuoli: Taka-akseli; Paksuus 1 [mm]: 14,8; Paino [kg]: 0,82; Kulumisenilmaisimen liitos: akustisella kulumavaroittimella, akustisella kulumavaroittimella; M\u00e4\u00e4r\u00e4yksikk\u00f6: Akselisarja; Valmistusvuosi alkaen: 07\/2003; HYUNDAI: ix35 LM, EL, ELH,i30 FD,GETZ TB,TUCSON JM,SANTA F\u00c9 I SM,SANTA F\u00c9 II CM,MATRIX FC,SONATA V NF,SONATA IV EF,GRANDEUR TG,XG XG,ELANTRA Stufenheck HD; KIA: SPORTAGE JE_, KM_,MAGENTIS GD,MAGENTIS MG,OPIRUS GH; 5830217A00, 583021CA00, 583021CA10, 583021FE00, 5830226A00, 5830226A00S1, 5830226A10, 5830226A20, 5830226A30, 5830226A30S1, 583022EA00, 583022EA30, 583022GA00, 583022HA00, 5830238A10, 5830238A20, 5830238A30, 5830239A40, 583023CA10, 583023CA20, 583023FA00, 583023FA10, 583023KA30, 583023KA40, 583023KA51, 583023KA60, 583021FE00, 583022EA00, 583022GA00, 5830238A10, 583023CA10, 583023CA20, 583023FA10; Jarrupalasarja,Jarrupala, Levyjarru<\/p>\n","protected":false},"excerpt":{"rendered":"<p>BLUE PRINT Jarrupalat ADG04249 Jarrupalasarja,Jarrupala, Levyjarru HYUNDAI,KIA,ix35 LM, EL, ELH,i30 FD,GETZ TB,TUCSON JM,SANTA F\u00c9 I SM,SANTA F\u00c9 II CM<\/p>\n","protected":false},"featured_media":0,"template":"","meta":{"site-sidebar-layout":"default","site-content-layout":"default","ast-global-header-display":"","ast-main-header-display":"","ast-hfb-above-header-display":"","ast-hfb-below-header-display":"","ast-hfb-mobile-header-display":"","site-post-title":"","ast-breadcrumbs-content":"","ast-featured-img":"","footer-sml-layout":"","theme-transparent-header-meta":"","adv-header-id-meta":"","stick-header-meta":"","header-above-stick-meta":"","header-main-stick-meta":"","header-below-stick-meta":""},"pwb-brand":[533],"product_cat":[100],"product_tag":[],"class_list":{"0":"post-99952","1":"product","2":"type-product","3":"status-publish","5":"pwb-brand-blue-print","6":"product_cat-jarrupalat","7":"desktop-align-left","8":"tablet-align-left","9":"mobile-align-left","11":"first","12":"instock","13":"product-type-external"},"brands":[{"id":533,"name":"Blue Print","slug":"blue-print"}],"_links":{"self":[{"href":"https:\/\/www.autonvaraosahaku.fi\/index.php?rest_route=\/wp\/v2\/product\/99952","targetHints":{"allow":["GET"]}}],"collection":[{"href":"https:\/\/www.autonvaraosahaku.fi\/index.php?rest_route=\/wp\/v2\/product"}],"about":[{"href":"https:\/\/www.autonvaraosahaku.fi\/index.php?rest_route=\/wp\/v2\/types\/product"}],"wp:attachment":[{"href":"https:\/\/www.autonvaraosahaku.fi\/index.php?rest_route=%2Fwp%2Fv2%2Fmedia&parent=99952"}],"wp:term":[{"taxonomy":"pwb-brand","embeddable":true,"href":"https:\/\/www.autonvaraosahaku.fi\/index.php?rest_route=%2Fwp%2Fv2%2Fpwb-brand&post=99952"},{"taxonomy":"product_cat","embeddable":true,"href":"https:\/\/www.autonvaraosahaku.fi\/index.php?rest_route=%2Fwp%2Fv2%2Fproduct_cat&post=99952"},{"taxonomy":"product_tag","embeddable":true,"href":"https:\/\/www.autonvaraosahaku.fi\/index.php?rest_route=%2Fwp%2Fv2%2Fproduct_tag&post=99952"}],"curies":[{"name":"wp","href":"https:\/\/api.w.org\/{rel}","templated":true}]}}