{"id":99960,"date":"2021-02-21T22:31:52","date_gmt":"2021-02-21T22:31:52","guid":{"rendered":"https:\/\/www.autonvaraosahaku.fi\/?product=blue-print-adt342139-jarrupalat"},"modified":"2021-02-21T22:31:56","modified_gmt":"2021-02-21T22:31:56","slug":"blue-print-adt342139-jarrupalat","status":"publish","type":"product","link":"https:\/\/www.autonvaraosahaku.fi\/?product=blue-print-adt342139-jarrupalat","title":{"rendered":"Blue Print ADT342139 Jarrupalat"},"content":{"rendered":"<p>Pituus (mm): 130,8; Leveys (mm): 45,0, 51,0; Tarkistuskilpi: ECE R90 Approved; Asennuspuoli: Etuakseli; Paksuus 1 [mm]: 16,2; Paino [kg]: 1,17; Kulumisenilmaisimen liitos: akustisella kulumavaroittimella; M\u00e4\u00e4r\u00e4yksikk\u00f6: Akselisarja; Jarrut: f\u00fcr Fahrzeuge mit Trommelbremse an der Hinterachse; TOYOTA: YARIS SCP9_, NSP9_, KSP9_, NCP9_, ZSP9_,YARIS SCP1_, NLP1_, NCP1_; 044650D010, 044650D010, 044650D040, 04465YZZCR; Jarrupalasarja,Jarrupala, Levyjarru<\/p>\n","protected":false},"excerpt":{"rendered":"<p>BLUE PRINT Jarrupalat ADT342139 Jarrupalasarja,Jarrupala, Levyjarru TOYOTA,YARIS SCP9_, NSP9_, KSP9_, NCP9_, ZSP9_,YARIS SCP1_, NLP1_, NCP1_<\/p>\n","protected":false},"featured_media":0,"template":"","meta":{"site-sidebar-layout":"default","site-content-layout":"default","ast-global-header-display":"","ast-main-header-display":"","ast-hfb-above-header-display":"","ast-hfb-below-header-display":"","ast-hfb-mobile-header-display":"","site-post-title":"","ast-breadcrumbs-content":"","ast-featured-img":"","footer-sml-layout":"","theme-transparent-header-meta":"","adv-header-id-meta":"","stick-header-meta":"","header-above-stick-meta":"","header-main-stick-meta":"","header-below-stick-meta":""},"pwb-brand":[533],"product_cat":[100],"product_tag":[],"class_list":{"0":"post-99960","1":"product","2":"type-product","3":"status-publish","5":"pwb-brand-blue-print","6":"product_cat-jarrupalat","7":"desktop-align-left","8":"tablet-align-left","9":"mobile-align-left","11":"first","12":"instock","13":"product-type-external"},"brands":[{"id":533,"name":"Blue Print","slug":"blue-print"}],"_links":{"self":[{"href":"https:\/\/www.autonvaraosahaku.fi\/index.php?rest_route=\/wp\/v2\/product\/99960","targetHints":{"allow":["GET"]}}],"collection":[{"href":"https:\/\/www.autonvaraosahaku.fi\/index.php?rest_route=\/wp\/v2\/product"}],"about":[{"href":"https:\/\/www.autonvaraosahaku.fi\/index.php?rest_route=\/wp\/v2\/types\/product"}],"wp:attachment":[{"href":"https:\/\/www.autonvaraosahaku.fi\/index.php?rest_route=%2Fwp%2Fv2%2Fmedia&parent=99960"}],"wp:term":[{"taxonomy":"pwb-brand","embeddable":true,"href":"https:\/\/www.autonvaraosahaku.fi\/index.php?rest_route=%2Fwp%2Fv2%2Fpwb-brand&post=99960"},{"taxonomy":"product_cat","embeddable":true,"href":"https:\/\/www.autonvaraosahaku.fi\/index.php?rest_route=%2Fwp%2Fv2%2Fproduct_cat&post=99960"},{"taxonomy":"product_tag","embeddable":true,"href":"https:\/\/www.autonvaraosahaku.fi\/index.php?rest_route=%2Fwp%2Fv2%2Fproduct_tag&post=99960"}],"curies":[{"name":"wp","href":"https:\/\/api.w.org\/{rel}","templated":true}]}}