{"id":99966,"date":"2021-02-21T22:31:52","date_gmt":"2021-02-21T22:31:52","guid":{"rendered":"https:\/\/www.autonvaraosahaku.fi\/?product=blue-print-adc42228-ilmansuodatin"},"modified":"2021-02-21T22:31:58","modified_gmt":"2021-02-21T22:31:58","slug":"blue-print-adc42228-ilmansuodatin","status":"publish","type":"product","link":"https:\/\/www.autonvaraosahaku.fi\/?product=blue-print-adc42228-ilmansuodatin","title":{"rendered":"Blue Print ADC42228 Ilmansuodatin"},"content":{"rendered":"<p>Suodatintyyppi: Suodatinpanos; Korkeus (mm): 200; Sis\u00e4l\u00e4pimitta [mm]: 86,0; Ulkol\u00e4pimitta [mm]: 156,0; Paino [kg]: 0,720; Lis\u00e4tarvike\/lis\u00e4tieto: Tiivisteill\u00e4; Huomioi tekniset tiedot: ; MITSUBISHI: L 200 K7_T, K6_T,PAJERO II V3_W, V2_W, V4_W,PAJERO SPORT K90,L 200 K3_T, K2_T, K1_T, K0_T,L 200 Pritsche\/Fahrgestell K6_T, K7_T; MD620563, MR239466, MR323949, MZ311786, XD620563, XR239466<\/p>\n","protected":false},"excerpt":{"rendered":"<p>BLUE PRINT Ilmansuodatin ADC42228  MITSUBISHI,L 200 K7_T, K6_T,PAJERO II V3_W, V2_W, V4_W,PAJERO SPORT K90,L 200 K3_T, K2_T, K1_T, K0_T<\/p>\n","protected":false},"featured_media":0,"template":"","meta":{"site-sidebar-layout":"default","site-content-layout":"default","ast-global-header-display":"","ast-main-header-display":"","ast-hfb-above-header-display":"","ast-hfb-below-header-display":"","ast-hfb-mobile-header-display":"","site-post-title":"","ast-breadcrumbs-content":"","ast-featured-img":"","footer-sml-layout":"","theme-transparent-header-meta":"","adv-header-id-meta":"","stick-header-meta":"","header-above-stick-meta":"","header-main-stick-meta":"","header-below-stick-meta":""},"pwb-brand":[533],"product_cat":[31],"product_tag":[],"class_list":{"0":"post-99966","1":"product","2":"type-product","3":"status-publish","5":"pwb-brand-blue-print","6":"product_cat-ilmansuodatin","7":"desktop-align-left","8":"tablet-align-left","9":"mobile-align-left","11":"first","12":"instock","13":"product-type-external"},"brands":[{"id":533,"name":"Blue Print","slug":"blue-print"}],"_links":{"self":[{"href":"https:\/\/www.autonvaraosahaku.fi\/index.php?rest_route=\/wp\/v2\/product\/99966","targetHints":{"allow":["GET"]}}],"collection":[{"href":"https:\/\/www.autonvaraosahaku.fi\/index.php?rest_route=\/wp\/v2\/product"}],"about":[{"href":"https:\/\/www.autonvaraosahaku.fi\/index.php?rest_route=\/wp\/v2\/types\/product"}],"wp:attachment":[{"href":"https:\/\/www.autonvaraosahaku.fi\/index.php?rest_route=%2Fwp%2Fv2%2Fmedia&parent=99966"}],"wp:term":[{"taxonomy":"pwb-brand","embeddable":true,"href":"https:\/\/www.autonvaraosahaku.fi\/index.php?rest_route=%2Fwp%2Fv2%2Fpwb-brand&post=99966"},{"taxonomy":"product_cat","embeddable":true,"href":"https:\/\/www.autonvaraosahaku.fi\/index.php?rest_route=%2Fwp%2Fv2%2Fproduct_cat&post=99966"},{"taxonomy":"product_tag","embeddable":true,"href":"https:\/\/www.autonvaraosahaku.fi\/index.php?rest_route=%2Fwp%2Fv2%2Fproduct_tag&post=99966"}],"curies":[{"name":"wp","href":"https:\/\/api.w.org\/{rel}","templated":true}]}}