{"id":99982,"date":"2021-02-21T22:32:00","date_gmt":"2021-02-21T22:32:00","guid":{"rendered":"https:\/\/www.autonvaraosahaku.fi\/?product=blue-print-adn14368-jarrulevyt"},"modified":"2021-02-21T22:32:05","modified_gmt":"2021-02-21T22:32:05","slug":"blue-print-adn14368-jarrulevyt","status":"publish","type":"product","link":"https:\/\/www.autonvaraosahaku.fi\/?product=blue-print-adn14368-jarrulevyt","title":{"rendered":"Blue Print ADN14368 Jarrulevyt"},"content":{"rendered":"<p>Jarrulevyn paksuus (mm): 26; Kiinnitysreikien lukum\u00e4\u00e4r\u00e4: 6; Paksuus [mm]: 39,0; Ulkol\u00e4pimitta [mm]: 277,0; Reik\u00e4ympyr\u00e4-\u00d8 [mm]: 124; Pinta: pinnoitettu; Jarrulevytyyppi: Tuuletettu, sis\u00e4; Asennuspuoli: Etuakseli; V\u00e4himm\u00e4ispaksuus (mm): 24; Paino [kg]: 7,460; keskitt\u00e4misl\u00e4pimitta [mm]: 100, 100; Vasen \/ oikea liikenne: f\u00fcr Rechtslenker; NISSAN: NAVARA D40,TERRANO II R20,PICK UP D22,NAVARA D22,PICK UP D21,TERRANO I WD21,NP300,NAVARA Pick-up D21,TERRANO Van R20,PATHFINDER; FORD: MAVERICK UDS, UNS,MAVERICK VAN; 1954433, 1954434, 402060F000, 402060F001, 4020631G00, 4020631G01, 4020637N01, 40206VJ200; Jarrulevy<\/p>\n","protected":false},"excerpt":{"rendered":"<p>BLUE PRINT Jarrulevyt ADN14368 Jarrulevy NISSAN,FORD,NAVARA D40,TERRANO II R20,PICK UP D22,NAVARA D22,PICK UP D21,TERRANO I WD21,NP300<\/p>\n","protected":false},"featured_media":0,"template":"","meta":{"site-sidebar-layout":"default","site-content-layout":"default","ast-global-header-display":"","ast-main-header-display":"","ast-hfb-above-header-display":"","ast-hfb-below-header-display":"","ast-hfb-mobile-header-display":"","site-post-title":"","ast-breadcrumbs-content":"","ast-featured-img":"","footer-sml-layout":"","theme-transparent-header-meta":"","adv-header-id-meta":"","stick-header-meta":"","header-above-stick-meta":"","header-main-stick-meta":"","header-below-stick-meta":""},"pwb-brand":[533],"product_cat":[66],"product_tag":[],"class_list":{"0":"post-99982","1":"product","2":"type-product","3":"status-publish","5":"pwb-brand-blue-print","6":"product_cat-jarrulevyt","7":"desktop-align-left","8":"tablet-align-left","9":"mobile-align-left","11":"first","12":"instock","13":"product-type-external"},"brands":[{"id":533,"name":"Blue Print","slug":"blue-print"}],"_links":{"self":[{"href":"https:\/\/www.autonvaraosahaku.fi\/index.php?rest_route=\/wp\/v2\/product\/99982","targetHints":{"allow":["GET"]}}],"collection":[{"href":"https:\/\/www.autonvaraosahaku.fi\/index.php?rest_route=\/wp\/v2\/product"}],"about":[{"href":"https:\/\/www.autonvaraosahaku.fi\/index.php?rest_route=\/wp\/v2\/types\/product"}],"wp:attachment":[{"href":"https:\/\/www.autonvaraosahaku.fi\/index.php?rest_route=%2Fwp%2Fv2%2Fmedia&parent=99982"}],"wp:term":[{"taxonomy":"pwb-brand","embeddable":true,"href":"https:\/\/www.autonvaraosahaku.fi\/index.php?rest_route=%2Fwp%2Fv2%2Fpwb-brand&post=99982"},{"taxonomy":"product_cat","embeddable":true,"href":"https:\/\/www.autonvaraosahaku.fi\/index.php?rest_route=%2Fwp%2Fv2%2Fproduct_cat&post=99982"},{"taxonomy":"product_tag","embeddable":true,"href":"https:\/\/www.autonvaraosahaku.fi\/index.php?rest_route=%2Fwp%2Fv2%2Fproduct_tag&post=99982"}],"curies":[{"name":"wp","href":"https:\/\/api.w.org\/{rel}","templated":true}]}}