{"id":99996,"date":"2021-02-21T22:32:09","date_gmt":"2021-02-21T22:32:09","guid":{"rendered":"https:\/\/www.autonvaraosahaku.fi\/?product=blue-print-adh29127-vesipumppu"},"modified":"2021-02-21T22:32:12","modified_gmt":"2021-02-21T22:32:12","slug":"blue-print-adh29127-vesipumppu","status":"publish","type":"product","link":"https:\/\/www.autonvaraosahaku.fi\/?product=blue-print-adh29127-vesipumppu","title":{"rendered":"Blue Print ADH29127 Vesipumppu"},"content":{"rendered":"<p>Materiaali vesipumpun siipipy\u00f6r\u00e4: Metalli; Materiaali tiiviste: Kumi; Materiaali: Alumiinivalu; Hammasluku: 22; Siipien m\u00e4\u00e4r\u00e4: 7, 7; Paino [kg]: 0,762, 0,762; Huomioi tekniset tiedot: ; HONDA: CRX III EH, EG,CRX II ED, EE,CIVIC V Hatchback EG,CIVIC IV Hatchback EC, ED, EE,CIVIC V Stufenheck EG, EH; 19200P30003, 19200PR3003<\/p>\n","protected":false},"excerpt":{"rendered":"<p>BLUE PRINT Vesipumppu ADH29127  HONDA,CRX III EH, EG,CRX II ED, EE,CIVIC V Hatchback EG,CIVIC IV Hatchback EC, ED, EE,CIVIC V Stufenheck EG, EH<\/p>\n","protected":false},"featured_media":0,"template":"","meta":{"site-sidebar-layout":"default","site-content-layout":"default","ast-global-header-display":"","ast-main-header-display":"","ast-hfb-above-header-display":"","ast-hfb-below-header-display":"","ast-hfb-mobile-header-display":"","site-post-title":"","ast-breadcrumbs-content":"","ast-featured-img":"","footer-sml-layout":"","theme-transparent-header-meta":"","adv-header-id-meta":"","stick-header-meta":"","header-above-stick-meta":"","header-main-stick-meta":"","header-below-stick-meta":""},"pwb-brand":[533],"product_cat":[279],"product_tag":[],"class_list":{"0":"post-99996","1":"product","2":"type-product","3":"status-publish","5":"pwb-brand-blue-print","6":"product_cat-vesipumppu","7":"desktop-align-left","8":"tablet-align-left","9":"mobile-align-left","11":"first","12":"instock","13":"product-type-external"},"brands":[{"id":533,"name":"Blue Print","slug":"blue-print"}],"_links":{"self":[{"href":"https:\/\/www.autonvaraosahaku.fi\/index.php?rest_route=\/wp\/v2\/product\/99996","targetHints":{"allow":["GET"]}}],"collection":[{"href":"https:\/\/www.autonvaraosahaku.fi\/index.php?rest_route=\/wp\/v2\/product"}],"about":[{"href":"https:\/\/www.autonvaraosahaku.fi\/index.php?rest_route=\/wp\/v2\/types\/product"}],"wp:attachment":[{"href":"https:\/\/www.autonvaraosahaku.fi\/index.php?rest_route=%2Fwp%2Fv2%2Fmedia&parent=99996"}],"wp:term":[{"taxonomy":"pwb-brand","embeddable":true,"href":"https:\/\/www.autonvaraosahaku.fi\/index.php?rest_route=%2Fwp%2Fv2%2Fpwb-brand&post=99996"},{"taxonomy":"product_cat","embeddable":true,"href":"https:\/\/www.autonvaraosahaku.fi\/index.php?rest_route=%2Fwp%2Fv2%2Fproduct_cat&post=99996"},{"taxonomy":"product_tag","embeddable":true,"href":"https:\/\/www.autonvaraosahaku.fi\/index.php?rest_route=%2Fwp%2Fv2%2Fproduct_tag&post=99996"}],"curies":[{"name":"wp","href":"https:\/\/api.w.org\/{rel}","templated":true}]}}